{"id":880,"date":"2021-06-30T21:35:45","date_gmt":"2021-06-30T19:35:45","guid":{"rendered":"https:\/\/idealcofund-project.eu\/?page_id=880"},"modified":"2021-07-02T11:24:23","modified_gmt":"2021-07-02T09:24:23","slug":"single-molecule-spintronics","status":"publish","type":"page","link":"https:\/\/idealcofund-project.eu\/postdoc\/research-topics\/single-molecule-spintronics\/","title":{"rendered":"Single molecule spintronics"},"content":{"rendered":"<p>[et_pb_section fb_built=&#8221;1&#8243; _builder_version=&#8221;4.9.4&#8243; _module_preset=&#8221;default&#8221; background_enable_image=&#8221;off&#8221; custom_padding=&#8221;2px||12px|||&#8221; global_module=&#8221;509&#8243;][et_pb_row use_custom_gutter=&#8221;on&#8221; gutter_width=&#8221;1&#8243; _builder_version=&#8221;4.9.4&#8243; _module_preset=&#8221;default&#8221; width=&#8221;100%&#8221; max_width=&#8221;100%&#8221; custom_padding=&#8221;4px|||||&#8221;][et_pb_column type=&#8221;4_4&#8243; _builder_version=&#8221;4.9.4&#8243; _module_preset=&#8221;default&#8221;][et_pb_divider divider_weight=&#8221;60px&#8221; _builder_version=&#8221;4.9.4&#8243; _module_preset=&#8221;default&#8221; width=&#8221;100%&#8221; max_width=&#8221;100%&#8221;][\/et_pb_divider][\/et_pb_column][\/et_pb_row][et_pb_row _builder_version=&#8221;4.9.4&#8243; _module_preset=&#8221;default&#8221;][et_pb_column type=&#8221;4_4&#8243; _builder_version=&#8221;4.9.4&#8243; _module_preset=&#8221;default&#8221;][lwp_divi_breadcrumbs home_text=&#8221;Inicio&#8221; use_before_icon=&#8221;off&#8221; link_color=&#8221;#89B7CA&#8221; current_text_color=&#8221;#001733&#8243; _builder_version=&#8221;4.9.4&#8243; _module_preset=&#8221;default&#8221; custom_padding=&#8221;||0px|||&#8221;][\/lwp_divi_breadcrumbs][\/et_pb_column][\/et_pb_row][et_pb_row _builder_version=&#8221;4.9.4&#8243; _module_preset=&#8221;default&#8221;][et_pb_column type=&#8221;4_4&#8243; _builder_version=&#8221;4.9.4&#8243; _module_preset=&#8221;default&#8221;][et_pb_text disabled_on=&#8221;off|off|off&#8221; _builder_version=&#8221;4.9.4&#8243; _dynamic_attributes=&#8221;content&#8221; _module_preset=&#8221;default&#8221; text_font=&#8221;|700|||||||&#8221; text_text_color=&#8221;#89B7CA&#8221; text_font_size=&#8221;42px&#8221; text_line_height=&#8221;1.8em&#8221; header_line_height=&#8221;1.5em&#8221; custom_margin=&#8221;-8px|||||&#8221;]@ET-DC@eyJkeW5hbWljIjp0cnVlLCJjb250ZW50IjoicG9zdF90aXRsZSIsInNldHRpbmdzIjp7ImJlZm9yZSI6IiIsImFmdGVyIjoiIn19@[\/et_pb_text][\/et_pb_column][\/et_pb_row][\/et_pb_section][et_pb_section fb_built=&#8221;1&#8243; _builder_version=&#8221;4.9.3&#8243; _module_preset=&#8221;default&#8221; custom_padding=&#8221;0px|||||&#8221;][et_pb_row _builder_version=&#8221;4.9.3&#8243; _module_preset=&#8221;default&#8221;][et_pb_column type=&#8221;4_4&#8243; _builder_version=&#8221;4.9.3&#8243; _module_preset=&#8221;default&#8221;][et_pb_text _builder_version=&#8221;4.9.4&#8243; _module_preset=&#8221;default&#8221; custom_margin=&#8221;||29px|||&#8221;]<\/p>\n<h2><strong>RESEARCH PROGRAMMES <\/strong><\/h2>\n<p>P2: Fundamental properties of 2D materials<br \/>P5: Solid state Quantum devices for information technologies<\/p>\n<p>[\/et_pb_text][et_pb_text _builder_version=&#8221;4.9.4&#8243; _module_preset=&#8221;default&#8221; custom_padding=&#8221;||12px|||&#8221;]<\/p>\n<h2><strong>RESEARCH SUPERVISOR(S)<\/strong><\/h2>\n<p>Dr Edmund Leary<span><\/span><\/p>\n<p>Dr M. Teresa Gonz\u00e1lez<\/p>\n<p>Research Group website: <a href=\"https:\/\/nanociencia.imdea.org\/molecular-electronics-laboratory\/group-home\"><span style=\"color: #89b7ca;\"><strong>https:\/\/nanociencia.imdea.org\/molecular-electronics-laboratory\/group-home<\/strong><\/span><\/a><\/p>\n<p>[\/et_pb_text][et_pb_text _builder_version=&#8221;4.9.4&#8243; _module_preset=&#8221;default&#8221; custom_margin=&#8221;27px||-2px|||&#8221;]<\/p>\n<h2><strong>RESEARCH TOPIC DESCRIPTION<\/strong><\/h2>\n<p>Organic molecules are interesting candidates for spintronic applications due to their low spin-orbit interaction when compared to metals and semiconductors, which translates into long spin lifetimes. The possibility to control the magnetic state of individual molecules within a junction would open the door towards fabrication of magnetically-controllable nanodevices of great interest for emerging quantum information technology.<\/p>\n<p>The Molecular Electronics Laboratory at IMDEA Nanociencia has vast experience in studying the electrical properties of single-molecule junctions by way of scanning tunneling microscopes (STM). Our in-house developed STMs allow us to explore not only the conductance but also the thermopower of a variety of compounds. We have recently incorporated an electrochemical cell allowing us to gate our devices electrochemically. Examples of the systems we have explored recently include: Cumulenes,1 length-dependent behavior and charging phenomena in porphyrins,2\u20134 aromaticity\/antiaromaticity in azaborine5 or dibenzo pentalenes,6 quantum interference in fluorenes and fluorenones7 as well as developing theoretical models to understand such effects,8 charge-assisted hydrogen bonded molecular junctions.9<\/p>\n<p>We want to use STM operating at room temperature to study single-molecule junctions of compounds relevant for spintronic applications using magnetic electrodes (Ni or Fe for example). We will use the electrochemical chamber to remove oxide from the electrode surface to allow the magnetic molecules to bind correctly to the magnetized electrodes. Regarding the compounds of interest, initial candidates to investigate are: mercaptopyridine-Fe complexes and chiral sulfoxide derivatives, synthesized Jose S\u00e1nchez Costa (IMDEA) and Juan Manuel Cuerva (Granada University) respectively. We also have the ability to oxidise\/reduce a molecule temporally using the bias voltage which gives us another avenue to obtain (magnetic) molecules with unpaired electrons.<\/p>\n<p>1. Xu, W. et al. Unusual Length Dependence of the Conductance in Cumulene Molecular Wires. Angew. Chem. Int. Ed. 58, 8378\u20138382 (2019).<br \/>2. Leary, E. et al. Bias-Driven Conductance Increase with Length in Porphyrin Tapes. J. Am. Chem. Soc. 140, 12877\u201312883 (2018).<br \/>3. Leary, E. et al. Detecting Mechanochemical Atropisomerization within an STM Break Junction. J. Am. Chem. Soc. 140, 710\u2013718 (2018).<br \/>4. Leary, E. et al. Long-lived charged states of single porphyrin-tape junctions under ambient conditions. Nanoscale Horiz 6, 49\u201358 (2021).<br \/>5. Palomino-Ruiz, L. et al. Single-Molecule Conductance of 1,4-Azaborine Derivatives as Models of BN-doped PAHs. Angew. Chem. Int. Ed. 60, 6609\u20136616 (2021).<br \/>6. Schmidt, M. et al. Single-molecule conductance of dibenzopentalenes: antiaromaticity and quantum interference. Chem Commun 57, 745\u2013748 (2021).<br \/>7. Alanazy, A. et al. Cross-conjugation increases the conductance of meta-connected fluorenones. Nanoscale 11, 13720\u201313724 (2019).<br \/>8. Zotti, L. A. &amp; Leary, E. Taming quantum interference in single molecule junctions: induction and resonance are key. Phys Chem Chem Phys 22, 5638\u20135646 (2020).<br \/>9. Sacchetti, V. et al. Effect of Charge-Assisted Hydrogen Bonds on Single-Molecule Electron Transport. J. Phys. Chem. C 123, 29386\u201329393 (2019).<\/p>\n<p>&nbsp;<\/p>\n<p>[\/et_pb_text][et_pb_text disabled_on=&#8221;off|off|off&#8221; _builder_version=&#8221;4.9.4&#8243; _module_preset=&#8221;default&#8221; custom_margin=&#8221;||29px|||&#8221; custom_padding=&#8221;1px|||||&#8221;]<\/p>\n<h2><strong>POSITION DESCRIPTION<\/strong><\/h2>\n<p>A typical background would be in Chemistry, Physics or Engineering with previous knowledge in: electrochemistry, nanoelectronics or spintronics; scientific acquisition\/analysis programs (such as Labview or Matlab); programming skills with these or other programs.<\/p>\n<p>[\/et_pb_text][et_pb_text _builder_version=&#8221;4.9.4&#8243; _module_preset=&#8221;default&#8221;]<\/p>\n<h2><strong>PARTNER ORGANIZATIONS<\/strong><\/h2>\n<p>Ongoing collaborations with synthetic chemistry groups include Prof. Nazario Mart\u00edn and Jos\u00e9 S\u00e1nchez Costa at IMDEA Nanociencia, Juan Manuel Cuerva and Araceli G. Campa\u00f1a at the University of Granada, Harry Anderson at the University of Oxford (UK), Rik Tykwinski at the University of Alberta (Canada) and Birgit Esser at the University of Freiburg (Germany). We also collaborate with a variety of theoreticians including Fernando Mart\u00edn (IMDEA Nanociencia), Linda Zotti (Autonomous University of Madrid), Colin Lambert (University of Lancaster, UK) and Fabian Pauli (University of Augsburg, Germany). We also collaborate with the groups of Walther Schwarzacher at Bristol University and Richard Nichols at the University of Liverpool in the UK regarding the electrochemical set up.<\/p>\n<p><strong><\/strong><\/p>\n<ul><\/ul>\n<p>[\/et_pb_text][\/et_pb_column][\/et_pb_row][et_pb_row column_structure=&#8221;3_5,2_5&#8243; _builder_version=&#8221;4.9.4&#8243; _module_preset=&#8221;default&#8221;][et_pb_column type=&#8221;3_5&#8243; _builder_version=&#8221;4.9.4&#8243; _module_preset=&#8221;default&#8221;][et_pb_image src=&#8221;https:\/\/idealcofund-project.eu\/postdoc\/wp-content\/uploads\/2021\/06\/IDEAL-single-molecule-1.gif&#8221; title_text=&#8221;IDEAL-single-molecule 1&#8243; align=&#8221;center&#8221; _builder_version=&#8221;4.9.4&#8243; _module_preset=&#8221;default&#8221;][\/et_pb_image][\/et_pb_column][et_pb_column type=&#8221;2_5&#8243; _builder_version=&#8221;4.9.4&#8243; _module_preset=&#8221;default&#8221;][\/et_pb_column][\/et_pb_row][et_pb_row _builder_version=&#8221;4.9.4&#8243; _module_preset=&#8221;default&#8221;][et_pb_column type=&#8221;4_4&#8243; _builder_version=&#8221;4.9.4&#8243; _module_preset=&#8221;default&#8221;][et_pb_image src=&#8221;https:\/\/idealcofund-project.eu\/postdoc\/wp-content\/uploads\/2021\/06\/IDEAL-single-molecule-2.gif.png&#8221; title_text=&#8221;IDEAL-single-molecule 2.gif&#8221; align=&#8221;center&#8221; _builder_version=&#8221;4.9.4&#8243; _module_preset=&#8221;default&#8221;][\/et_pb_image][\/et_pb_column][\/et_pb_row][\/et_pb_section]<\/p>\n","protected":false},"excerpt":{"rendered":"<p><div class=\"et_pb_module lwp_divi_breadcrumbs lwp_divi_breadcrumbs_0\">\n\t\t\t\t\n\t\t\t\t\n\t\t\t\t\n\t\t\t\t\n\t\t\t\t\n\t\t\t\t\n\t\t\t\t<div class=\"et_pb_module_inner\">\n\t\t\t\t\t<div class=\"lwp-breadcrumbs\"> <span class=\"before\"><\/span> <span vocab=\"https:\/\/schema.org\/\" typeof=\"BreadcrumbList\"><span property=\"itemListElement\" typeof=\"ListItem\"><a property=\"item\" typeof=\"WebPage\" href=\"https:\/\/idealcofund-project.eu\/postdoc\/\" class=\"home\"><span property=\"name\">Inicio<\/span><\/a><meta property=\"position\" content=\"1\"><\/span> <span class=\"separator et-pb-icon\">&amp;#x39;<\/span> <\/span><\/div>\n\t\t\t\t<\/div>\n\t\t\t<\/div>RESEARCH PROGRAMMES P2: Fundamental properties of 2D materialsP5: Solid state Quantum devices for information technologiesRESEARCH SUPERVISOR(S) Dr Edmund Leary Dr M. Teresa Gonz\u00e1lez Research Group website: https:\/\/nanociencia.imdea.org\/molecular-electronics-laboratory\/group-homeRESEARCH TOPIC DESCRIPTION Organic molecules are interesting candidates for spintronic applications due to their low spin-orbit interaction when compared to metals and [&hellip;]<\/p>\n","protected":false},"author":9,"featured_media":0,"parent":625,"menu_order":0,"comment_status":"closed","ping_status":"closed","template":"","meta":{"_et_pb_use_builder":"on","_et_pb_old_content":"","_et_gb_content_width":"","inline_featured_image":false,"footnotes":""},"class_list":["post-880","page","type-page","status-publish","hentry"],"yoast_head":"<!-- This site is optimized with the Yoast SEO plugin v20.8 - https:\/\/yoast.com\/wordpress\/plugins\/seo\/ -->\n<title>Single molecule spintronics - IDEAL Postdoctoral Cofund<\/title>\n<meta name=\"robots\" content=\"noindex, follow, max-snippet:-1, max-image-preview:large, max-video-preview:-1\" \/>\n<meta property=\"og:locale\" content=\"en_US\" \/>\n<meta property=\"og:type\" content=\"article\" \/>\n<meta property=\"og:title\" content=\"Single molecule spintronics - IDEAL Postdoctoral Cofund\" \/>\n<meta property=\"og:description\" content=\"RESEARCH PROGRAMMES P2: Fundamental properties of 2D materialsP5: Solid state Quantum devices for information technologiesRESEARCH SUPERVISOR(S) Dr Edmund Leary Dr M. Teresa Gonz\u00e1lez Research Group website: https:\/\/nanociencia.imdea.org\/molecular-electronics-laboratory\/group-homeRESEARCH TOPIC DESCRIPTION Organic molecules are interesting candidates for spintronic applications due to their low spin-orbit interaction when compared to metals and [&hellip;]\" \/>\n<meta property=\"og:url\" content=\"https:\/\/idealcofund-project.eu\/postdoc\/research-topics\/single-molecule-spintronics\/\" \/>\n<meta property=\"og:site_name\" content=\"IDEAL Postdoctoral Cofund\" \/>\n<meta property=\"article:modified_time\" content=\"2021-07-02T09:24:23+00:00\" \/>\n<meta name=\"twitter:card\" content=\"summary_large_image\" \/>\n<meta name=\"twitter:label1\" content=\"Est. reading time\" \/>\n\t<meta name=\"twitter:data1\" content=\"4 minutes\" \/>\n<script type=\"application\/ld+json\" class=\"yoast-schema-graph\">{\"@context\":\"https:\/\/schema.org\",\"@graph\":[{\"@type\":\"WebPage\",\"@id\":\"https:\/\/idealcofund-project.eu\/postdoc\/research-topics\/single-molecule-spintronics\/\",\"url\":\"https:\/\/idealcofund-project.eu\/postdoc\/research-topics\/single-molecule-spintronics\/\",\"name\":\"Single molecule spintronics - IDEAL Postdoctoral Cofund\",\"isPartOf\":{\"@id\":\"https:\/\/idealcofund-project.eu\/postdoc\/#website\"},\"datePublished\":\"2021-06-30T19:35:45+00:00\",\"dateModified\":\"2021-07-02T09:24:23+00:00\",\"breadcrumb\":{\"@id\":\"https:\/\/idealcofund-project.eu\/postdoc\/research-topics\/single-molecule-spintronics\/#breadcrumb\"},\"inLanguage\":\"en-US\",\"potentialAction\":[{\"@type\":\"ReadAction\",\"target\":[\"https:\/\/idealcofund-project.eu\/postdoc\/research-topics\/single-molecule-spintronics\/\"]}]},{\"@type\":\"BreadcrumbList\",\"@id\":\"https:\/\/idealcofund-project.eu\/postdoc\/research-topics\/single-molecule-spintronics\/#breadcrumb\",\"itemListElement\":[{\"@type\":\"ListItem\",\"position\":1,\"name\":\"Portada\",\"item\":\"https:\/\/idealcofund-project.eu\/postdoc\/\"},{\"@type\":\"ListItem\",\"position\":2,\"name\":\"Research topics\",\"item\":\"https:\/\/idealcofund-project.eu\/postdoc\/research-topics\/\"},{\"@type\":\"ListItem\",\"position\":3,\"name\":\"Single molecule spintronics\"}]},{\"@type\":\"WebSite\",\"@id\":\"https:\/\/idealcofund-project.eu\/postdoc\/#website\",\"url\":\"https:\/\/idealcofund-project.eu\/postdoc\/\",\"name\":\"IDEAL Postdoctoral Cofund\",\"description\":\"IMDEA Nanociencia Postdoctoral Programme in Nanoscience\",\"potentialAction\":[{\"@type\":\"SearchAction\",\"target\":{\"@type\":\"EntryPoint\",\"urlTemplate\":\"https:\/\/idealcofund-project.eu\/postdoc\/?s={search_term_string}\"},\"query-input\":\"required name=search_term_string\"}],\"inLanguage\":\"en-US\"}]}<\/script>\n<!-- \/ Yoast SEO plugin. -->","yoast_head_json":{"title":"Single molecule spintronics - IDEAL Postdoctoral Cofund","robots":{"index":"noindex","follow":"follow","max-snippet":"max-snippet:-1","max-image-preview":"max-image-preview:large","max-video-preview":"max-video-preview:-1"},"og_locale":"en_US","og_type":"article","og_title":"Single molecule spintronics - IDEAL Postdoctoral Cofund","og_description":"RESEARCH PROGRAMMES P2: Fundamental properties of 2D materialsP5: Solid state Quantum devices for information technologiesRESEARCH SUPERVISOR(S) Dr Edmund Leary Dr M. Teresa Gonz\u00e1lez Research Group website: https:\/\/nanociencia.imdea.org\/molecular-electronics-laboratory\/group-homeRESEARCH TOPIC DESCRIPTION Organic molecules are interesting candidates for spintronic applications due to their low spin-orbit interaction when compared to metals and [&hellip;]","og_url":"https:\/\/idealcofund-project.eu\/postdoc\/research-topics\/single-molecule-spintronics\/","og_site_name":"IDEAL Postdoctoral Cofund","article_modified_time":"2021-07-02T09:24:23+00:00","twitter_card":"summary_large_image","twitter_misc":{"Est. reading time":"4 minutes"},"schema":{"@context":"https:\/\/schema.org","@graph":[{"@type":"WebPage","@id":"https:\/\/idealcofund-project.eu\/postdoc\/research-topics\/single-molecule-spintronics\/","url":"https:\/\/idealcofund-project.eu\/postdoc\/research-topics\/single-molecule-spintronics\/","name":"Single molecule spintronics - IDEAL Postdoctoral Cofund","isPartOf":{"@id":"https:\/\/idealcofund-project.eu\/postdoc\/#website"},"datePublished":"2021-06-30T19:35:45+00:00","dateModified":"2021-07-02T09:24:23+00:00","breadcrumb":{"@id":"https:\/\/idealcofund-project.eu\/postdoc\/research-topics\/single-molecule-spintronics\/#breadcrumb"},"inLanguage":"en-US","potentialAction":[{"@type":"ReadAction","target":["https:\/\/idealcofund-project.eu\/postdoc\/research-topics\/single-molecule-spintronics\/"]}]},{"@type":"BreadcrumbList","@id":"https:\/\/idealcofund-project.eu\/postdoc\/research-topics\/single-molecule-spintronics\/#breadcrumb","itemListElement":[{"@type":"ListItem","position":1,"name":"Portada","item":"https:\/\/idealcofund-project.eu\/postdoc\/"},{"@type":"ListItem","position":2,"name":"Research topics","item":"https:\/\/idealcofund-project.eu\/postdoc\/research-topics\/"},{"@type":"ListItem","position":3,"name":"Single molecule spintronics"}]},{"@type":"WebSite","@id":"https:\/\/idealcofund-project.eu\/postdoc\/#website","url":"https:\/\/idealcofund-project.eu\/postdoc\/","name":"IDEAL Postdoctoral Cofund","description":"IMDEA Nanociencia Postdoctoral Programme in Nanoscience","potentialAction":[{"@type":"SearchAction","target":{"@type":"EntryPoint","urlTemplate":"https:\/\/idealcofund-project.eu\/postdoc\/?s={search_term_string}"},"query-input":"required name=search_term_string"}],"inLanguage":"en-US"}]}},"_links":{"self":[{"href":"https:\/\/idealcofund-project.eu\/postdoc\/wp-json\/wp\/v2\/pages\/880","targetHints":{"allow":["GET"]}}],"collection":[{"href":"https:\/\/idealcofund-project.eu\/postdoc\/wp-json\/wp\/v2\/pages"}],"about":[{"href":"https:\/\/idealcofund-project.eu\/postdoc\/wp-json\/wp\/v2\/types\/page"}],"author":[{"embeddable":true,"href":"https:\/\/idealcofund-project.eu\/postdoc\/wp-json\/wp\/v2\/users\/9"}],"replies":[{"embeddable":true,"href":"https:\/\/idealcofund-project.eu\/postdoc\/wp-json\/wp\/v2\/comments?post=880"}],"version-history":[{"count":7,"href":"https:\/\/idealcofund-project.eu\/postdoc\/wp-json\/wp\/v2\/pages\/880\/revisions"}],"predecessor-version":[{"id":1030,"href":"https:\/\/idealcofund-project.eu\/postdoc\/wp-json\/wp\/v2\/pages\/880\/revisions\/1030"}],"up":[{"embeddable":true,"href":"https:\/\/idealcofund-project.eu\/postdoc\/wp-json\/wp\/v2\/pages\/625"}],"wp:attachment":[{"href":"https:\/\/idealcofund-project.eu\/postdoc\/wp-json\/wp\/v2\/media?parent=880"}],"curies":[{"name":"wp","href":"https:\/\/api.w.org\/{rel}","templated":true}]}}