{"id":1780,"date":"2024-05-06T12:59:58","date_gmt":"2024-05-06T10:59:58","guid":{"rendered":"https:\/\/idealcofund-project.eu\/postdoc\/?page_id=1780"},"modified":"2024-05-06T13:06:32","modified_gmt":"2024-05-06T11:06:32","slug":"zhen-zhan","status":"publish","type":"page","link":"https:\/\/idealcofund-project.eu\/postdoc\/news\/meet-the-fellows\/zhen-zhan\/","title":{"rendered":"Zhen Zhan"},"content":{"rendered":"<p>[et_pb_section fb_built=&#8221;1&#8243; _builder_version=&#8221;4.9.4&#8243; _module_preset=&#8221;default&#8221; background_enable_image=&#8221;off&#8221; custom_padding=&#8221;2px||12px|||&#8221; global_module=&#8221;509&#8243; saved_tabs=&#8221;all&#8221; global_colors_info=&#8221;{}&#8221;][et_pb_row use_custom_gutter=&#8221;on&#8221; gutter_width=&#8221;1&#8243; _builder_version=&#8221;4.16&#8243; _module_preset=&#8221;default&#8221; width=&#8221;100%&#8221; max_width=&#8221;100%&#8221; custom_padding=&#8221;4px|||||&#8221; global_colors_info=&#8221;{}&#8221;][et_pb_column type=&#8221;4_4&#8243; _builder_version=&#8221;4.16&#8243; _module_preset=&#8221;default&#8221; global_colors_info=&#8221;{}&#8221;][et_pb_divider divider_weight=&#8221;60px&#8221; _builder_version=&#8221;4.16&#8243; _module_preset=&#8221;default&#8221; width=&#8221;100%&#8221; max_width=&#8221;100%&#8221; global_colors_info=&#8221;{}&#8221;][\/et_pb_divider][\/et_pb_column][\/et_pb_row][et_pb_row _builder_version=&#8221;4.16&#8243; _module_preset=&#8221;default&#8221; global_colors_info=&#8221;{}&#8221;][et_pb_column type=&#8221;4_4&#8243; _builder_version=&#8221;4.16&#8243; _module_preset=&#8221;default&#8221; global_colors_info=&#8221;{}&#8221;][lwp_divi_breadcrumbs home_text=&#8221;Inicio&#8221; use_before_icon=&#8221;off&#8221; link_color=&#8221;#89B7CA&#8221; current_text_color=&#8221;#001733&#8243; _builder_version=&#8221;4.16&#8243; _module_preset=&#8221;default&#8221; custom_padding=&#8221;||0px|||&#8221; global_colors_info=&#8221;{}&#8221;][\/lwp_divi_breadcrumbs][\/et_pb_column][\/et_pb_row][\/et_pb_section][et_pb_section fb_built=&#8221;1&#8243; _builder_version=&#8221;4.16&#8243; _module_preset=&#8221;default&#8221; custom_padding=&#8221;0px|||||&#8221; global_colors_info=&#8221;{}&#8221;][et_pb_row column_structure=&#8221;1_3,2_3&#8243; _builder_version=&#8221;4.21.0&#8243; _module_preset=&#8221;default&#8221; global_colors_info=&#8221;{}&#8221;][et_pb_column type=&#8221;1_3&#8243; _builder_version=&#8221;4.21.0&#8243; _module_preset=&#8221;default&#8221; global_colors_info=&#8221;{}&#8221;][et_pb_image src=&#8221;https:\/\/idealcofund-project.eu\/postdoc\/wp-content\/uploads\/2024\/01\/zhen_zhan.jpg&#8221; title_text=&#8221;zhen_zhan&#8221; align=&#8221;center&#8221; _builder_version=&#8221;4.21.0&#8243; _module_preset=&#8221;default&#8221; global_colors_info=&#8221;{}&#8221;][\/et_pb_image][et_pb_text _builder_version=&#8221;4.21.0&#8243; _module_preset=&#8221;default&#8221; global_colors_info=&#8221;{}&#8221;]<\/p>\n<div class=\"uk-margin element element-textarea \">\n<div class=\"contenido_ficha_people_descripciones\">\n<div class=\"uk-margin element element-textarea \">\n<div class=\"contenido_ficha_people_descripciones\">\n<p>&nbsp;<\/p>\n<\/div>\n<\/div>\n<div class=\"uk-margin element element-textarea \">\n<h3 class=\"etiqueta_ficha_people_descripciones\">Research Lines<\/h3>\n<div class=\"contenido_ficha_people_descripciones\">\n<ul>\n<li>Novel electronic properties of van der Waals heterostructures with different compositions.<\/li>\n<\/ul>\n<p>&nbsp;<\/p>\n<\/div>\n<\/div>\n<div class=\"uk-margin element element-textarea \">\n<h3 class=\"etiqueta_ficha_people_descripciones\">Relevant publications<\/h3>\n<div class=\"contenido_ficha_people_descripciones\">\n<ol>\n<li>Qianying Hu, Zhen Zhan, Huiying Cui, Yalei Zhang, Feng Jin, Xuan Zhao, Mingjie Zhang, Zhichuan Wang, Qingming Zhang, Kenji Watanabe, Takashi Taniguichi, Xuewei Cao, Wu-Ming Liu, Fengcheng Wu, Shengjun Yuan, Yang Xu, Observation of Rydberg moir\u00e9 excitons. Science 380, 1367-1372 (2023). DOI:<span>\u00a0<\/span><a href=\"https:\/\/doi.org\/10.1126\/science.adh1506\">DOI: 10.1126\/science.adh1506<\/a><\/li>\n<\/ol>\n<ol start=\"2\">\n<li>Min Long, Pierre A Pantale\u00f3n, Zhen Zhan, Francisco Guinea, Jose \u00c1ngel Silva-Guill\u00e9n, Shengjun Yuan, An atomistic approach for the structural and electronic properties of twisted bilayer Graphene-boron nitride heterostructures. npj Computational Materials 8, 73 (2022). DOI:<br \/><a href=\"https:\/\/doi.org\/10.1038\/s41524-022-00763-1\">https:\/\/doi.org\/10.1038\/s41524-022-00763-1<\/a><\/li>\n<\/ol>\n<ol start=\"3\">\n<li>Haohao Shi, Zhen Zhan, Zhikai Qi, Kaixiang Huang, Edo van Veen, Jose Angel SilvaGuillen, Runxiao Zhang, Pengjun Li, Kun Xie, Hengxing Li, Mikhail I. Katsnelson, Shengjun Yuan, Shengyong Qin and Zhenyu Zhang,\u00a0 Large-area, periodic, and tunable intrinsic pseudo-magnetic fields in low-angle twisted bilayer graphene.\u00a0 Nature Communications 11, 371 (2020). (75 citations)\u00a0 DOI:<span>\u00a0<\/span><a href=\"https:\/\/doi.org\/10.1038\/s41467-019-14207-w\"><\/a><a href=\"https:\/\/doi.org\/10.1038\/s41467-019-14207-w\">https:\/\/doi.org\/10.1038\/s41467-019-14207-w<\/a><\/li>\n<\/ol>\n<\/div>\n<\/div>\n<\/div>\n<\/div>\n<p>[\/et_pb_text][\/et_pb_column][et_pb_column type=&#8221;2_3&#8243; _builder_version=&#8221;4.21.0&#8243; _module_preset=&#8221;default&#8221; global_colors_info=&#8221;{}&#8221;][et_pb_text _builder_version=&#8221;4.21.0&#8243; _module_preset=&#8221;default&#8221; custom_margin=&#8221;|||20px||&#8221; hover_enabled=&#8221;0&#8243; global_colors_info=&#8221;{}&#8221; sticky_enabled=&#8221;0&#8243;]<\/p>\n<div class=\"uk-margin element element-textarea \">\n<div class=\"contenido_ficha_people_descripciones\">\n<p><strong>Dr Zhen Zhan<\/strong> will develop a new self-consistent method by combining tight-binding model with a tight binding propagation method (TBPM) in their home-made simulator, named TBPLaS. An advantage of this new method is that the computational cost is linearly dependent on the size of the system. Therefore, it can extend the self-consistent calculations to systems containing millions of atoms. Furthermore, Dr Zhan will consider the lattice relaxation effects, which are relevant in the exploration of novel properties of vdW heterostructures.<\/p>\n<p>Dr Zhan will investigate the novel properties and explain the microscopic mechanics of correlated properties of vdW heterostructures discovered in experiments.<\/p>\n<p>&nbsp;<\/p>\n<p><strong>MEET DR ZHEN ZHAN<\/strong><\/p>\n<p>The collaboration with researchers in IMDEA Nanociencia will increase more the feasibility of his research proposal, which will be a significant breakthrough to their home-made simulator named TBPLaS. More importantly, by working with researchers in IMDEA Nanociencia, she would like to gain professional skills for the development of continuum models and deep understanding of superconductivity and strongly correlated properties of two-dimensional materials.<\/p>\n<p>With this, she hopes to make important contributions to explain the phenomena appearing in the two dimensional world due to twistronics. IMDEA Nanociencia is a national and international institute, and has a dynamical research environment. In a long term, by working there, Dr Zhan will gain more experience on working with people with different backgrounds and from different countries. All these will ensure her to be an independent researcher after the fellowship. With a secondment in groups at the Massachussets Institute of Technology, USA, she woulds like to gain experimental experience related to the superconductivity of two dimensional heterostructures.<\/p>\n<\/div>\n<\/div>\n<p>[\/et_pb_text][\/et_pb_column][\/et_pb_row][et_pb_row _builder_version=&#8221;4.21.0&#8243; _module_preset=&#8221;default&#8221; global_colors_info=&#8221;{}&#8221;][et_pb_column type=&#8221;4_4&#8243; _builder_version=&#8221;4.21.0&#8243; _module_preset=&#8221;default&#8221; global_colors_info=&#8221;{}&#8221;][et_pb_text _builder_version=&#8221;4.21.0&#8243; _module_preset=&#8221;default&#8221; global_colors_info=&#8221;{}&#8221;]<\/p>\n<p>More information on the IDEAL Fellowships Programme <a href=\"https:\/\/idealcofund-project.eu\/postdoc\/\">https:\/\/idealcofund-project.eu\/postdoc\/<\/a><\/p>\n<p>The IDEAL Fellowships Programme is supported by the\u00a0<strong>Marie Sk\u0142odowska-Curie Actions<\/strong>\u00a0(MSCA) COFUND.\u00a0Grant agreement ID: 101034431.<\/p>\n<p>[\/et_pb_text][\/et_pb_column][\/et_pb_row][\/et_pb_section]<\/p>\n","protected":false},"excerpt":{"rendered":"<p><div class=\"et_pb_module lwp_divi_breadcrumbs lwp_divi_breadcrumbs_0\">\n\t\t\t\t\n\t\t\t\t\n\t\t\t\t\n\t\t\t\t\n\t\t\t\t\n\t\t\t\t\n\t\t\t\t<div class=\"et_pb_module_inner\">\n\t\t\t\t\t<div class=\"lwp-breadcrumbs\"> <span class=\"before\"><\/span> <span vocab=\"https:\/\/schema.org\/\" typeof=\"BreadcrumbList\"><span property=\"itemListElement\" typeof=\"ListItem\"><a property=\"item\" typeof=\"WebPage\" href=\"https:\/\/idealcofund-project.eu\/postdoc\/\" class=\"home\"><span property=\"name\">Inicio<\/span><\/a><meta property=\"position\" content=\"1\"><\/span> <span class=\"separator et-pb-icon\">&amp;#x39;<\/span> <\/span><\/div>\n\t\t\t\t<\/div>\n\t\t\t<\/div> &nbsp; Research Lines Novel electronic properties of van der Waals heterostructures with different compositions. &nbsp; Relevant publications Qianying Hu, Zhen Zhan, Huiying Cui, Yalei Zhang, Feng Jin, Xuan Zhao, Mingjie Zhang, Zhichuan Wang, Qingming Zhang, Kenji Watanabe, Takashi Taniguichi, Xuewei Cao, Wu-Ming Liu, Fengcheng Wu, Shengjun [&hellip;]<\/p>\n","protected":false},"author":4,"featured_media":0,"parent":1751,"menu_order":0,"comment_status":"closed","ping_status":"closed","template":"","meta":{"_et_pb_use_builder":"on","_et_pb_old_content":"","_et_gb_content_width":"","inline_featured_image":false,"footnotes":""},"class_list":["post-1780","page","type-page","status-publish","hentry"],"yoast_head":"<!-- This site is optimized with the Yoast SEO plugin v20.8 - https:\/\/yoast.com\/wordpress\/plugins\/seo\/ -->\n<title>Zhen Zhan - IDEAL Postdoctoral Cofund<\/title>\n<meta name=\"robots\" content=\"noindex, follow, max-snippet:-1, max-image-preview:large, max-video-preview:-1\" \/>\n<meta property=\"og:locale\" content=\"en_US\" \/>\n<meta property=\"og:type\" content=\"article\" \/>\n<meta property=\"og:title\" content=\"Zhen Zhan - IDEAL Postdoctoral Cofund\" \/>\n<meta property=\"og:description\" content=\"&nbsp; Research Lines Novel electronic properties of van der Waals heterostructures with different compositions. &nbsp; Relevant publications Qianying Hu, Zhen Zhan, Huiying Cui, Yalei Zhang, Feng Jin, Xuan Zhao, Mingjie Zhang, Zhichuan Wang, Qingming Zhang, Kenji Watanabe, Takashi Taniguichi, Xuewei Cao, Wu-Ming Liu, Fengcheng Wu, Shengjun [&hellip;]\" \/>\n<meta property=\"og:url\" content=\"https:\/\/idealcofund-project.eu\/postdoc\/news\/meet-the-fellows\/zhen-zhan\/\" \/>\n<meta property=\"og:site_name\" content=\"IDEAL Postdoctoral Cofund\" \/>\n<meta property=\"article:modified_time\" content=\"2024-05-06T11:06:32+00:00\" \/>\n<meta name=\"twitter:card\" content=\"summary_large_image\" \/>\n<script type=\"application\/ld+json\" class=\"yoast-schema-graph\">{\"@context\":\"https:\/\/schema.org\",\"@graph\":[{\"@type\":\"WebPage\",\"@id\":\"https:\/\/idealcofund-project.eu\/postdoc\/news\/meet-the-fellows\/zhen-zhan\/\",\"url\":\"https:\/\/idealcofund-project.eu\/postdoc\/news\/meet-the-fellows\/zhen-zhan\/\",\"name\":\"Zhen Zhan - IDEAL Postdoctoral Cofund\",\"isPartOf\":{\"@id\":\"https:\/\/idealcofund-project.eu\/postdoc\/#website\"},\"datePublished\":\"2024-05-06T10:59:58+00:00\",\"dateModified\":\"2024-05-06T11:06:32+00:00\",\"breadcrumb\":{\"@id\":\"https:\/\/idealcofund-project.eu\/postdoc\/news\/meet-the-fellows\/zhen-zhan\/#breadcrumb\"},\"inLanguage\":\"en-US\",\"potentialAction\":[{\"@type\":\"ReadAction\",\"target\":[\"https:\/\/idealcofund-project.eu\/postdoc\/news\/meet-the-fellows\/zhen-zhan\/\"]}]},{\"@type\":\"BreadcrumbList\",\"@id\":\"https:\/\/idealcofund-project.eu\/postdoc\/news\/meet-the-fellows\/zhen-zhan\/#breadcrumb\",\"itemListElement\":[{\"@type\":\"ListItem\",\"position\":1,\"name\":\"Portada\",\"item\":\"https:\/\/idealcofund-project.eu\/postdoc\/\"},{\"@type\":\"ListItem\",\"position\":2,\"name\":\"News\",\"item\":\"https:\/\/idealcofund-project.eu\/postdoc\/news\/\"},{\"@type\":\"ListItem\",\"position\":3,\"name\":\"Meet the fellows\",\"item\":\"https:\/\/idealcofund-project.eu\/postdoc\/news\/meet-the-fellows\/\"},{\"@type\":\"ListItem\",\"position\":4,\"name\":\"Zhen Zhan\"}]},{\"@type\":\"WebSite\",\"@id\":\"https:\/\/idealcofund-project.eu\/postdoc\/#website\",\"url\":\"https:\/\/idealcofund-project.eu\/postdoc\/\",\"name\":\"IDEAL Postdoctoral Cofund\",\"description\":\"IMDEA Nanociencia Postdoctoral Programme in Nanoscience\",\"potentialAction\":[{\"@type\":\"SearchAction\",\"target\":{\"@type\":\"EntryPoint\",\"urlTemplate\":\"https:\/\/idealcofund-project.eu\/postdoc\/?s={search_term_string}\"},\"query-input\":\"required name=search_term_string\"}],\"inLanguage\":\"en-US\"}]}<\/script>\n<!-- \/ Yoast SEO plugin. -->","yoast_head_json":{"title":"Zhen Zhan - IDEAL Postdoctoral Cofund","robots":{"index":"noindex","follow":"follow","max-snippet":"max-snippet:-1","max-image-preview":"max-image-preview:large","max-video-preview":"max-video-preview:-1"},"og_locale":"en_US","og_type":"article","og_title":"Zhen Zhan - IDEAL Postdoctoral Cofund","og_description":"&nbsp; Research Lines Novel electronic properties of van der Waals heterostructures with different compositions. &nbsp; Relevant publications Qianying Hu, Zhen Zhan, Huiying Cui, Yalei Zhang, Feng Jin, Xuan Zhao, Mingjie Zhang, Zhichuan Wang, Qingming Zhang, Kenji Watanabe, Takashi Taniguichi, Xuewei Cao, Wu-Ming Liu, Fengcheng Wu, Shengjun [&hellip;]","og_url":"https:\/\/idealcofund-project.eu\/postdoc\/news\/meet-the-fellows\/zhen-zhan\/","og_site_name":"IDEAL Postdoctoral Cofund","article_modified_time":"2024-05-06T11:06:32+00:00","twitter_card":"summary_large_image","schema":{"@context":"https:\/\/schema.org","@graph":[{"@type":"WebPage","@id":"https:\/\/idealcofund-project.eu\/postdoc\/news\/meet-the-fellows\/zhen-zhan\/","url":"https:\/\/idealcofund-project.eu\/postdoc\/news\/meet-the-fellows\/zhen-zhan\/","name":"Zhen Zhan - IDEAL Postdoctoral Cofund","isPartOf":{"@id":"https:\/\/idealcofund-project.eu\/postdoc\/#website"},"datePublished":"2024-05-06T10:59:58+00:00","dateModified":"2024-05-06T11:06:32+00:00","breadcrumb":{"@id":"https:\/\/idealcofund-project.eu\/postdoc\/news\/meet-the-fellows\/zhen-zhan\/#breadcrumb"},"inLanguage":"en-US","potentialAction":[{"@type":"ReadAction","target":["https:\/\/idealcofund-project.eu\/postdoc\/news\/meet-the-fellows\/zhen-zhan\/"]}]},{"@type":"BreadcrumbList","@id":"https:\/\/idealcofund-project.eu\/postdoc\/news\/meet-the-fellows\/zhen-zhan\/#breadcrumb","itemListElement":[{"@type":"ListItem","position":1,"name":"Portada","item":"https:\/\/idealcofund-project.eu\/postdoc\/"},{"@type":"ListItem","position":2,"name":"News","item":"https:\/\/idealcofund-project.eu\/postdoc\/news\/"},{"@type":"ListItem","position":3,"name":"Meet the fellows","item":"https:\/\/idealcofund-project.eu\/postdoc\/news\/meet-the-fellows\/"},{"@type":"ListItem","position":4,"name":"Zhen Zhan"}]},{"@type":"WebSite","@id":"https:\/\/idealcofund-project.eu\/postdoc\/#website","url":"https:\/\/idealcofund-project.eu\/postdoc\/","name":"IDEAL Postdoctoral Cofund","description":"IMDEA Nanociencia Postdoctoral Programme in Nanoscience","potentialAction":[{"@type":"SearchAction","target":{"@type":"EntryPoint","urlTemplate":"https:\/\/idealcofund-project.eu\/postdoc\/?s={search_term_string}"},"query-input":"required name=search_term_string"}],"inLanguage":"en-US"}]}},"_links":{"self":[{"href":"https:\/\/idealcofund-project.eu\/postdoc\/wp-json\/wp\/v2\/pages\/1780","targetHints":{"allow":["GET"]}}],"collection":[{"href":"https:\/\/idealcofund-project.eu\/postdoc\/wp-json\/wp\/v2\/pages"}],"about":[{"href":"https:\/\/idealcofund-project.eu\/postdoc\/wp-json\/wp\/v2\/types\/page"}],"author":[{"embeddable":true,"href":"https:\/\/idealcofund-project.eu\/postdoc\/wp-json\/wp\/v2\/users\/4"}],"replies":[{"embeddable":true,"href":"https:\/\/idealcofund-project.eu\/postdoc\/wp-json\/wp\/v2\/comments?post=1780"}],"version-history":[{"count":3,"href":"https:\/\/idealcofund-project.eu\/postdoc\/wp-json\/wp\/v2\/pages\/1780\/revisions"}],"predecessor-version":[{"id":1790,"href":"https:\/\/idealcofund-project.eu\/postdoc\/wp-json\/wp\/v2\/pages\/1780\/revisions\/1790"}],"up":[{"embeddable":true,"href":"https:\/\/idealcofund-project.eu\/postdoc\/wp-json\/wp\/v2\/pages\/1751"}],"wp:attachment":[{"href":"https:\/\/idealcofund-project.eu\/postdoc\/wp-json\/wp\/v2\/media?parent=1780"}],"curies":[{"name":"wp","href":"https:\/\/api.w.org\/{rel}","templated":true}]}}