{"id":1549,"date":"2023-03-22T13:18:16","date_gmt":"2023-03-22T11:18:16","guid":{"rendered":"https:\/\/idealcofund-project.eu\/postdoc\/?page_id=1549"},"modified":"2023-03-23T11:44:38","modified_gmt":"2023-03-23T09:44:38","slug":"charge-density-waves-in-two-dimensional-materials","status":"publish","type":"page","link":"https:\/\/idealcofund-project.eu\/postdoc\/research-topics\/charge-density-waves-in-two-dimensional-materials\/","title":{"rendered":"Charge density waves in two-dimensional materials"},"content":{"rendered":"<p>[et_pb_section fb_built=&#8221;1&#8243; _builder_version=&#8221;4.9.4&#8243; _module_preset=&#8221;default&#8221; background_enable_image=&#8221;off&#8221; custom_padding=&#8221;2px||12px|||&#8221; global_module=&#8221;509&#8243; saved_tabs=&#8221;all&#8221; global_colors_info=&#8221;{}&#8221;][et_pb_row use_custom_gutter=&#8221;on&#8221; gutter_width=&#8221;1&#8243; _builder_version=&#8221;4.16&#8243; _module_preset=&#8221;default&#8221; width=&#8221;100%&#8221; max_width=&#8221;100%&#8221; custom_padding=&#8221;4px|||||&#8221; global_colors_info=&#8221;{}&#8221;][et_pb_column type=&#8221;4_4&#8243; _builder_version=&#8221;4.16&#8243; _module_preset=&#8221;default&#8221; global_colors_info=&#8221;{}&#8221;][et_pb_divider divider_weight=&#8221;60px&#8221; _builder_version=&#8221;4.16&#8243; _module_preset=&#8221;default&#8221; width=&#8221;100%&#8221; max_width=&#8221;100%&#8221; global_colors_info=&#8221;{}&#8221;][\/et_pb_divider][\/et_pb_column][\/et_pb_row][et_pb_row _builder_version=&#8221;4.16&#8243; _module_preset=&#8221;default&#8221; global_colors_info=&#8221;{}&#8221;][et_pb_column type=&#8221;4_4&#8243; _builder_version=&#8221;4.16&#8243; _module_preset=&#8221;default&#8221; global_colors_info=&#8221;{}&#8221;][lwp_divi_breadcrumbs home_text=&#8221;Inicio&#8221; use_before_icon=&#8221;off&#8221; link_color=&#8221;#89B7CA&#8221; current_text_color=&#8221;#001733&#8243; _builder_version=&#8221;4.16&#8243; _module_preset=&#8221;default&#8221; custom_padding=&#8221;||0px|||&#8221; global_colors_info=&#8221;{}&#8221;][\/lwp_divi_breadcrumbs][\/et_pb_column][\/et_pb_row][\/et_pb_section][et_pb_section fb_built=&#8221;1&#8243; _builder_version=&#8221;4.16&#8243; _module_preset=&#8221;default&#8221; custom_padding=&#8221;0px|||||&#8221; global_colors_info=&#8221;{}&#8221;][et_pb_row _builder_version=&#8221;4.16&#8243; _module_preset=&#8221;default&#8221; global_colors_info=&#8221;{}&#8221;][et_pb_column type=&#8221;4_4&#8243; _builder_version=&#8221;4.16&#8243; _module_preset=&#8221;default&#8221; global_colors_info=&#8221;{}&#8221;][et_pb_text _builder_version=&#8221;4.16&#8243; _module_preset=&#8221;default&#8221; custom_margin=&#8221;||29px|||&#8221; global_colors_info=&#8221;{}&#8221;]<\/p>\n<h2><strong>RESEARCH PROGRAMMES <\/strong><\/h2>\n<p>P2:\u00a0Fundamental properties of 2D materials<br \/>\nP5: Solid state quantum devices for information technologies[\/et_pb_text][et_pb_text _builder_version=&#8221;4.19.0&#8243; _module_preset=&#8221;default&#8221; hover_enabled=&#8221;0&#8243; global_colors_info=&#8221;{}&#8221; sticky_enabled=&#8221;0&#8243;]<\/p>\n<h2><strong>RESEARCH SUPERVISOR(S)<\/strong><\/h2>\n<p>Dr. Jos\u00e9 \u00c1ngel Silva Guill\u00e9n<br \/>Research Group website: <span><a href=\"https:\/\/www.imdeananociencia.org\/first-principles-modelling-for-quantum-materials\/home\">https:\/\/www.imdeananociencia.org\/first-principles-modelling-for-quantum-materials\/home<\/a><\/span><\/p>\n<p>[\/et_pb_text][et_pb_text _builder_version=&#8221;4.19.0&#8243; _module_preset=&#8221;default&#8221; custom_margin=&#8221;27px||29px|||&#8221; global_colors_info=&#8221;{}&#8221;]<\/p>\n<h2><strong>RESEARCH TOPIC DESCRIPTION<\/strong><\/h2>\n<p style=\"text-align: justify;\"><span>The experimental advances developed since the discovery of graphene in 2004 by the Nobel laureates A. Geim and K. Novoselov opened up the possibility to study other types of layered materials. Albeit graphene is the most important and studied two-dimensional material, Transition Metal Chalcogenides (TMCs) have been one of the top investigated family of materials in the recent years. This is due to the fact that there is an immense number of different physical properties available depending on the formation of different compounds either by changing the elements or stoichiometries. Moreover, unlike graphene, which is centrosymmetric and has a small mass, some TMCs monolayers are characterized by an absence of inversion symmetry in its crystal structure which breaks the degeneracy in the energy bands when applying spin orbit coupling. This gives rise to new degrees of freedom, such as the layer, valley and spin that could be used in new devices that are built on the basis of spintronics and valleytronics. <\/span><\/p>\n<p style=\"text-align: justify;\"><span>Metallic TMCs such as NbSe<sub>2<\/sub>, NbS<sub>2<\/sub>, TaS<sub>2<\/sub> present strongly correlated phenomena such as superconductivity and charge density waves. Interestingly, NbSe<sub>2<\/sub> and TaS<sub>2<\/sub> present different behaviours of the critical temperature with the number of layers. In addition, other exotic phenomena can be found in monolayer samples, such as Ising superconductivity. <\/span><\/p>\n<p style=\"text-align: justify;\"><span>Therefore, the prediction of new and interesting phenomena, as well as the advance towards a new generation of technological devices based on these materials, has been a very challenging and fruitful new field of research even if it is still in its infancy. <\/span><\/p>\n<p style=\"text-align: justify;\"><span>The goal of this project is to study, from a fundamental point of view using state-of-the-art first-principles calculations, the structural and electronic properties of different two-dimensional materials.<\/span><\/p>\n<p>[\/et_pb_text][et_pb_text disabled_on=&#8221;off|off|off&#8221; _builder_version=&#8221;4.19.0&#8243; _module_preset=&#8221;default&#8221; custom_margin=&#8221;||29px|||&#8221; global_colors_info=&#8221;{}&#8221;]<\/p>\n<h2><strong>POSITION DESCRIPTION<\/strong><\/h2>\n<p style=\"text-align: justify;\"><span>The PhD candidate should have a Ph. D. in Physics or Chemistry with special focus on condensed matter. Knowledge in computational physics\/chemistry, especially density functional theory codes, is required. The candidate would also have good programming skills (Fortran, python). It is also very important that the candidate is highly motivated, open minded and has excellent teamwork capabilities. Furthermore, a high level of English (both written and spoken) is mandatory.<\/span><\/p>\n<p>[\/et_pb_text][et_pb_text _builder_version=&#8221;4.19.0&#8243; _module_preset=&#8221;default&#8221; global_colors_info=&#8221;{}&#8221;]<\/p>\n<h2><strong>PARTNER ORGANIZATIONS<\/strong><\/h2>\n<p style=\"text-align: justify;\"><span>The project will be developed in close collaboration with experimental groups at IMDEA, particularly the Topological Surfaces States in Quantum Materials group led by Dr. Manuela Garnica and the Spin-Resolved ARPES group led by Dr. Miguel \u00c1ngel Valbuena.<\/span><\/p>\n<p style=\"text-align: justify;\"><span>The candidate will be able to go on scientifical visits to the groups of Prof. Miguel Pruneda (CINN), Prof. Ion Errea (UPV-EHU and CFM) and Prof. H\u00e9ctor Ochoa (Columbia University).<\/span><\/p>\n<ul><\/ul>\n<p>[\/et_pb_text][\/et_pb_column][\/et_pb_row][et_pb_row column_structure=&#8221;1_2,1_2&#8243; _builder_version=&#8221;4.16&#8243; _module_preset=&#8221;default&#8221; min_height=&#8221;432px&#8221; custom_margin=&#8221;36px|auto||auto||&#8221; global_colors_info=&#8221;{}&#8221;][et_pb_column type=&#8221;1_2&#8243; _builder_version=&#8221;4.16&#8243; _module_preset=&#8221;default&#8221; global_colors_info=&#8221;{}&#8221;][et_pb_image src=&#8221;https:\/\/idealcofund-project.eu\/postdoc\/wp-content\/uploads\/2023\/03\/charge-density-waves-in-two-dimensional-materials_1.png&#8221; title_text=&#8221;charge density waves in two-dimensional materials_1&#8243; _builder_version=&#8221;4.19.0&#8243; _module_preset=&#8221;default&#8221; width=&#8221;66%&#8221; global_colors_info=&#8221;{}&#8221;][\/et_pb_image][\/et_pb_column][et_pb_column type=&#8221;1_2&#8243; _builder_version=&#8221;4.16&#8243; _module_preset=&#8221;default&#8221; global_colors_info=&#8221;{}&#8221;][et_pb_image src=&#8221;https:\/\/idealcofund-project.eu\/postdoc\/wp-content\/uploads\/2023\/03\/charge-density-waves-in-two-dimensional-materials_2.png&#8221; title_text=&#8221;charge density waves in two-dimensional materials_2&#8243; _builder_version=&#8221;4.19.0&#8243; _module_preset=&#8221;default&#8221; width=&#8221;57.5%&#8221; custom_margin=&#8221;|33px||-186px||&#8221; global_colors_info=&#8221;{}&#8221;][\/et_pb_image][\/et_pb_column][\/et_pb_row][\/et_pb_section]<\/p>\n","protected":false},"excerpt":{"rendered":"<p><div class=\"et_pb_module lwp_divi_breadcrumbs lwp_divi_breadcrumbs_0\">\n\t\t\t\t\n\t\t\t\t\n\t\t\t\t\n\t\t\t\t\n\t\t\t\t\n\t\t\t\t\n\t\t\t\t<div class=\"et_pb_module_inner\">\n\t\t\t\t\t<div class=\"lwp-breadcrumbs\"> <span class=\"before\"><\/span> <span vocab=\"https:\/\/schema.org\/\" typeof=\"BreadcrumbList\"><span property=\"itemListElement\" typeof=\"ListItem\"><a property=\"item\" typeof=\"WebPage\" href=\"https:\/\/idealcofund-project.eu\/postdoc\/\" class=\"home\"><span property=\"name\">Inicio<\/span><\/a><meta property=\"position\" content=\"1\"><\/span> <span class=\"separator et-pb-icon\">&amp;#x39;<\/span> <\/span><\/div>\n\t\t\t\t<\/div>\n\t\t\t<\/div>RESEARCH PROGRAMMES P2:\u00a0Fundamental properties of 2D materials P5: Solid state quantum devices for information technologiesRESEARCH SUPERVISOR(S) Dr. Jos\u00e9 \u00c1ngel Silva Guill\u00e9nResearch Group website: https:\/\/www.imdeananociencia.org\/first-principles-modelling-for-quantum-materials\/homeRESEARCH TOPIC DESCRIPTION The experimental advances developed since the discovery of graphene in 2004 by the Nobel laureates A. Geim and K. Novoselov opened [&hellip;]<\/p>\n","protected":false},"author":156,"featured_media":0,"parent":625,"menu_order":0,"comment_status":"closed","ping_status":"closed","template":"","meta":{"_et_pb_use_builder":"on","_et_pb_old_content":"","_et_gb_content_width":"","inline_featured_image":false,"footnotes":""},"class_list":["post-1549","page","type-page","status-publish","hentry"],"yoast_head":"<!-- This site is optimized with the Yoast SEO plugin v20.8 - https:\/\/yoast.com\/wordpress\/plugins\/seo\/ -->\n<title>Charge density waves in two-dimensional materials - IDEAL Postdoctoral Cofund<\/title>\n<meta name=\"robots\" content=\"noindex, follow, max-snippet:-1, max-image-preview:large, max-video-preview:-1\" \/>\n<meta property=\"og:locale\" content=\"en_US\" \/>\n<meta property=\"og:type\" content=\"article\" \/>\n<meta property=\"og:title\" content=\"Charge density waves in two-dimensional materials - IDEAL Postdoctoral Cofund\" \/>\n<meta property=\"og:description\" content=\"RESEARCH PROGRAMMES P2:\u00a0Fundamental properties of 2D materials P5: Solid state quantum devices for information technologiesRESEARCH SUPERVISOR(S) Dr. Jos\u00e9 \u00c1ngel Silva Guill\u00e9nResearch Group website: https:\/\/www.imdeananociencia.org\/first-principles-modelling-for-quantum-materials\/homeRESEARCH TOPIC DESCRIPTION The experimental advances developed since the discovery of graphene in 2004 by the Nobel laureates A. Geim and K. Novoselov opened [&hellip;]\" \/>\n<meta property=\"og:url\" content=\"https:\/\/idealcofund-project.eu\/postdoc\/research-topics\/charge-density-waves-in-two-dimensional-materials\/\" \/>\n<meta property=\"og:site_name\" content=\"IDEAL Postdoctoral Cofund\" \/>\n<meta property=\"article:modified_time\" content=\"2023-03-23T09:44:38+00:00\" \/>\n<meta name=\"twitter:card\" content=\"summary_large_image\" \/>\n<meta name=\"twitter:label1\" content=\"Est. reading time\" \/>\n\t<meta name=\"twitter:data1\" content=\"3 minutes\" \/>\n<script type=\"application\/ld+json\" class=\"yoast-schema-graph\">{\"@context\":\"https:\/\/schema.org\",\"@graph\":[{\"@type\":\"WebPage\",\"@id\":\"https:\/\/idealcofund-project.eu\/postdoc\/research-topics\/charge-density-waves-in-two-dimensional-materials\/\",\"url\":\"https:\/\/idealcofund-project.eu\/postdoc\/research-topics\/charge-density-waves-in-two-dimensional-materials\/\",\"name\":\"Charge density waves in two-dimensional materials - IDEAL Postdoctoral Cofund\",\"isPartOf\":{\"@id\":\"https:\/\/idealcofund-project.eu\/postdoc\/#website\"},\"datePublished\":\"2023-03-22T11:18:16+00:00\",\"dateModified\":\"2023-03-23T09:44:38+00:00\",\"breadcrumb\":{\"@id\":\"https:\/\/idealcofund-project.eu\/postdoc\/research-topics\/charge-density-waves-in-two-dimensional-materials\/#breadcrumb\"},\"inLanguage\":\"en-US\",\"potentialAction\":[{\"@type\":\"ReadAction\",\"target\":[\"https:\/\/idealcofund-project.eu\/postdoc\/research-topics\/charge-density-waves-in-two-dimensional-materials\/\"]}]},{\"@type\":\"BreadcrumbList\",\"@id\":\"https:\/\/idealcofund-project.eu\/postdoc\/research-topics\/charge-density-waves-in-two-dimensional-materials\/#breadcrumb\",\"itemListElement\":[{\"@type\":\"ListItem\",\"position\":1,\"name\":\"Portada\",\"item\":\"https:\/\/idealcofund-project.eu\/postdoc\/\"},{\"@type\":\"ListItem\",\"position\":2,\"name\":\"Research topics\",\"item\":\"https:\/\/idealcofund-project.eu\/postdoc\/research-topics\/\"},{\"@type\":\"ListItem\",\"position\":3,\"name\":\"Charge density waves in two-dimensional materials\"}]},{\"@type\":\"WebSite\",\"@id\":\"https:\/\/idealcofund-project.eu\/postdoc\/#website\",\"url\":\"https:\/\/idealcofund-project.eu\/postdoc\/\",\"name\":\"IDEAL Postdoctoral Cofund\",\"description\":\"IMDEA Nanociencia Postdoctoral Programme in Nanoscience\",\"potentialAction\":[{\"@type\":\"SearchAction\",\"target\":{\"@type\":\"EntryPoint\",\"urlTemplate\":\"https:\/\/idealcofund-project.eu\/postdoc\/?s={search_term_string}\"},\"query-input\":\"required name=search_term_string\"}],\"inLanguage\":\"en-US\"}]}<\/script>\n<!-- \/ Yoast SEO plugin. -->","yoast_head_json":{"title":"Charge density waves in two-dimensional materials - IDEAL Postdoctoral Cofund","robots":{"index":"noindex","follow":"follow","max-snippet":"max-snippet:-1","max-image-preview":"max-image-preview:large","max-video-preview":"max-video-preview:-1"},"og_locale":"en_US","og_type":"article","og_title":"Charge density waves in two-dimensional materials - IDEAL Postdoctoral Cofund","og_description":"RESEARCH PROGRAMMES P2:\u00a0Fundamental properties of 2D materials P5: Solid state quantum devices for information technologiesRESEARCH SUPERVISOR(S) Dr. Jos\u00e9 \u00c1ngel Silva Guill\u00e9nResearch Group website: https:\/\/www.imdeananociencia.org\/first-principles-modelling-for-quantum-materials\/homeRESEARCH TOPIC DESCRIPTION The experimental advances developed since the discovery of graphene in 2004 by the Nobel laureates A. Geim and K. Novoselov opened [&hellip;]","og_url":"https:\/\/idealcofund-project.eu\/postdoc\/research-topics\/charge-density-waves-in-two-dimensional-materials\/","og_site_name":"IDEAL Postdoctoral Cofund","article_modified_time":"2023-03-23T09:44:38+00:00","twitter_card":"summary_large_image","twitter_misc":{"Est. reading time":"3 minutes"},"schema":{"@context":"https:\/\/schema.org","@graph":[{"@type":"WebPage","@id":"https:\/\/idealcofund-project.eu\/postdoc\/research-topics\/charge-density-waves-in-two-dimensional-materials\/","url":"https:\/\/idealcofund-project.eu\/postdoc\/research-topics\/charge-density-waves-in-two-dimensional-materials\/","name":"Charge density waves in two-dimensional materials - IDEAL Postdoctoral Cofund","isPartOf":{"@id":"https:\/\/idealcofund-project.eu\/postdoc\/#website"},"datePublished":"2023-03-22T11:18:16+00:00","dateModified":"2023-03-23T09:44:38+00:00","breadcrumb":{"@id":"https:\/\/idealcofund-project.eu\/postdoc\/research-topics\/charge-density-waves-in-two-dimensional-materials\/#breadcrumb"},"inLanguage":"en-US","potentialAction":[{"@type":"ReadAction","target":["https:\/\/idealcofund-project.eu\/postdoc\/research-topics\/charge-density-waves-in-two-dimensional-materials\/"]}]},{"@type":"BreadcrumbList","@id":"https:\/\/idealcofund-project.eu\/postdoc\/research-topics\/charge-density-waves-in-two-dimensional-materials\/#breadcrumb","itemListElement":[{"@type":"ListItem","position":1,"name":"Portada","item":"https:\/\/idealcofund-project.eu\/postdoc\/"},{"@type":"ListItem","position":2,"name":"Research topics","item":"https:\/\/idealcofund-project.eu\/postdoc\/research-topics\/"},{"@type":"ListItem","position":3,"name":"Charge density waves in two-dimensional materials"}]},{"@type":"WebSite","@id":"https:\/\/idealcofund-project.eu\/postdoc\/#website","url":"https:\/\/idealcofund-project.eu\/postdoc\/","name":"IDEAL Postdoctoral Cofund","description":"IMDEA Nanociencia Postdoctoral Programme in Nanoscience","potentialAction":[{"@type":"SearchAction","target":{"@type":"EntryPoint","urlTemplate":"https:\/\/idealcofund-project.eu\/postdoc\/?s={search_term_string}"},"query-input":"required name=search_term_string"}],"inLanguage":"en-US"}]}},"_links":{"self":[{"href":"https:\/\/idealcofund-project.eu\/postdoc\/wp-json\/wp\/v2\/pages\/1549","targetHints":{"allow":["GET"]}}],"collection":[{"href":"https:\/\/idealcofund-project.eu\/postdoc\/wp-json\/wp\/v2\/pages"}],"about":[{"href":"https:\/\/idealcofund-project.eu\/postdoc\/wp-json\/wp\/v2\/types\/page"}],"author":[{"embeddable":true,"href":"https:\/\/idealcofund-project.eu\/postdoc\/wp-json\/wp\/v2\/users\/156"}],"replies":[{"embeddable":true,"href":"https:\/\/idealcofund-project.eu\/postdoc\/wp-json\/wp\/v2\/comments?post=1549"}],"version-history":[{"count":5,"href":"https:\/\/idealcofund-project.eu\/postdoc\/wp-json\/wp\/v2\/pages\/1549\/revisions"}],"predecessor-version":[{"id":1573,"href":"https:\/\/idealcofund-project.eu\/postdoc\/wp-json\/wp\/v2\/pages\/1549\/revisions\/1573"}],"up":[{"embeddable":true,"href":"https:\/\/idealcofund-project.eu\/postdoc\/wp-json\/wp\/v2\/pages\/625"}],"wp:attachment":[{"href":"https:\/\/idealcofund-project.eu\/postdoc\/wp-json\/wp\/v2\/media?parent=1549"}],"curies":[{"name":"wp","href":"https:\/\/api.w.org\/{rel}","templated":true}]}}