{"id":1474,"date":"2023-03-16T16:36:36","date_gmt":"2023-03-16T14:36:36","guid":{"rendered":"https:\/\/idealcofund-project.eu\/postdoc\/?page_id=1474"},"modified":"2023-03-23T12:31:15","modified_gmt":"2023-03-23T10:31:15","slug":"tweeters-hybridization-of-optical-tweezers-with-tip-enhanced-raman-spectroscopy-to-study-supramolecular-dynamics-at-the-single-molecule-level","status":"publish","type":"page","link":"https:\/\/idealcofund-project.eu\/postdoc\/research-topics\/tweeters-hybridization-of-optical-tweezers-with-tip-enhanced-raman-spectroscopy-to-study-supramolecular-dynamics-at-the-single-molecule-level\/","title":{"rendered":"TweeTERS:Hybridization of optical tweezers with tip-enhanced-Raman spectroscopy to study supramolecular dynamics at the single-molecule level"},"content":{"rendered":"<p>[et_pb_section fb_built=&#8221;1&#8243; _builder_version=&#8221;4.9.4&#8243; _module_preset=&#8221;default&#8221; background_enable_image=&#8221;off&#8221; custom_padding=&#8221;2px||12px|||&#8221; global_module=&#8221;509&#8243; saved_tabs=&#8221;all&#8221; global_colors_info=&#8221;{}&#8221;][et_pb_row use_custom_gutter=&#8221;on&#8221; gutter_width=&#8221;1&#8243; _builder_version=&#8221;4.16&#8243; _module_preset=&#8221;default&#8221; width=&#8221;100%&#8221; max_width=&#8221;100%&#8221; custom_padding=&#8221;4px|||||&#8221; global_colors_info=&#8221;{}&#8221;][et_pb_column type=&#8221;4_4&#8243; _builder_version=&#8221;4.16&#8243; _module_preset=&#8221;default&#8221; global_colors_info=&#8221;{}&#8221;][et_pb_divider divider_weight=&#8221;60px&#8221; _builder_version=&#8221;4.16&#8243; _module_preset=&#8221;default&#8221; width=&#8221;100%&#8221; max_width=&#8221;100%&#8221; global_colors_info=&#8221;{}&#8221;][\/et_pb_divider][\/et_pb_column][\/et_pb_row][et_pb_row _builder_version=&#8221;4.16&#8243; _module_preset=&#8221;default&#8221; global_colors_info=&#8221;{}&#8221;][et_pb_column type=&#8221;4_4&#8243; _builder_version=&#8221;4.16&#8243; _module_preset=&#8221;default&#8221; global_colors_info=&#8221;{}&#8221;][lwp_divi_breadcrumbs home_text=&#8221;Inicio&#8221; use_before_icon=&#8221;off&#8221; link_color=&#8221;#89B7CA&#8221; current_text_color=&#8221;#001733&#8243; _builder_version=&#8221;4.16&#8243; _module_preset=&#8221;default&#8221; custom_padding=&#8221;||0px|||&#8221; global_colors_info=&#8221;{}&#8221;][\/lwp_divi_breadcrumbs][\/et_pb_column][\/et_pb_row][\/et_pb_section][et_pb_section fb_built=&#8221;1&#8243; _builder_version=&#8221;4.16&#8243; _module_preset=&#8221;default&#8221; custom_padding=&#8221;0px|||||&#8221; global_colors_info=&#8221;{}&#8221;][et_pb_row _builder_version=&#8221;4.16&#8243; _module_preset=&#8221;default&#8221; global_colors_info=&#8221;{}&#8221;][et_pb_column type=&#8221;4_4&#8243; _builder_version=&#8221;4.16&#8243; _module_preset=&#8221;default&#8221; global_colors_info=&#8221;{}&#8221;][et_pb_text _builder_version=&#8221;4.19.0&#8243; _module_preset=&#8221;default&#8221; custom_margin=&#8221;||29px|||&#8221; global_colors_info=&#8221;{}&#8221;]<\/p>\n<h2><strong>RESEARCH PROGRAMMES <\/strong><\/h2>\n<p>P1: Organic nanosystems for light harvesting and energy conversion<\/p>\n<p>[\/et_pb_text][et_pb_text _builder_version=&#8221;4.19.0&#8243; _module_preset=&#8221;default&#8221; hover_enabled=&#8221;0&#8243; global_colors_info=&#8221;{}&#8221; sticky_enabled=&#8221;0&#8243;]<\/p>\n<h2><strong>RESEARCH SUPERVISOR(S)<\/strong><\/h2>\n<p>Dr Borja Ibarra<br \/>Research Group website: <a href=\"https:\/\/nanociencia.imdea.org\/molecular-motors-manipulations-lab\/group-home\">https:\/\/nanociencia.imdea.org\/molecular-motors-manipulations-lab\/group-home\u00a0<\/a>\/\/ <a href=\"https:\/\/www.borjaibarralab.com\">https:\/\/www.borjaibarralab.com<\/a><\/p>\n<p>Dr. Natalia Mart\u00edn Saban\u00e9s<\/p>\n<p>Dr Emilio P\u00e9rez \u00c1lvarez<br \/>Research Group website: <a href=\"https:\/\/nanociencia.imdea.org\/chemistry-of-low-dimensional-materials\/home\">https:\/\/nanociencia.imdea.org\/chemistry-of-low-dimensional-materials\/home<\/a><\/p>\n<p>[\/et_pb_text][et_pb_text _builder_version=&#8221;4.19.0&#8243; _module_preset=&#8221;default&#8221; custom_margin=&#8221;27px||29px|||&#8221; global_colors_info=&#8221;{}&#8221;]<\/p>\n<h2><strong>RESEARCH TOPIC DESCRIPTION<\/strong><\/h2>\n<p style=\"text-align: justify;\">The aim of TweeTERS is to develop a novel hybrid setup that combines optical tweezers (OT) with tip-enhanced Raman spectroscopy (TERS). OT allows measuring and manipulating the real-time kinetics of individual molecular constructs such as synthetic (supra)molecular systems, while TERS provides simultaneous information on the inter- and intra- molecular chemical interactions with single-molecule sensitivity. This unique setup will reveal the intricate relation between mechanical, conformational and non-covalent chemical properties that govern the operation of (supra)molecular systems with single-molecule sensitivity. The setup is currently under development in a close collaboration between groups of Borja Ibarra (molecular motors manipulation lab) and Emilio P\u00e9rez (Chemistry of low dimensional materials) at IMDEA nanoscience. The fellow is expected to contribute to the building process and its application to investigate the operation of biological and synthetic molecular motors.\u00a0<\/p>\n<p style=\"text-align: justify;\">The goals of the project include:<\/p>\n<p style=\"text-align: justify;\">&#8211; To develop the hardware and software needed to build and operate the described instrument<\/p>\n<p style=\"text-align: justify;\">&#8211; To design and optimize experimental routines.<\/p>\n<p style=\"text-align: justify;\">&#8211; To perform proof-of-principle experiments demonstrating the viability and potential of the novel technique.<\/p>\n<p style=\"text-align: justify;\">&#8211; To investigate the role of non-covalent interactions on the dynamics of synthetic and biological molecular machines.<\/p>\n<p>[\/et_pb_text][et_pb_text disabled_on=&#8221;off|off|off&#8221; _builder_version=&#8221;4.19.0&#8243; _module_preset=&#8221;default&#8221; custom_margin=&#8221;||29px|||&#8221; global_colors_info=&#8221;{}&#8221;]<\/p>\n<h2><strong>POSITION DESCRIPTION<\/strong><\/h2>\n<p style=\"text-align: justify;\"><span>The candidate should hold a PhD in Physics or Chemistry with a strong background in optics and spectroscopy. He\/she must have experience in optical tweezers and\/or tip-enhanced Raman spectroscopy. Experience in optical setup development, nearfield spectroscopy and (bio)chemical laboratory skills will be highly valued. The candidate needs to have excellent English skills, as well as a cooperative and collaborative attitude in an interdisciplinary and international team.<\/span><\/p>\n<p>[\/et_pb_text][et_pb_text _builder_version=&#8221;4.19.0&#8243; _module_preset=&#8221;default&#8221; global_colors_info=&#8221;{}&#8221;]<\/p>\n<h2><strong>PARTNER ORGANIZATIONS<\/strong><\/h2>\n<p style=\"text-align: justify;\"><span>The candidate will work in close collaboration with national and international research groups that have expertise in different aspects of the project. These include the groups of Prof F. Ritort (Universidad Barcelona) and Prof. J.M Parrondo (Universidad Complutense Madrid), who will provide theoretical and experimental support to study the thermodynamics and nonequilibrium behaviour of the systems under study. The group of Prof. D. Leigh (University of Manchester) will also be involved in developing strategies and methods to synthesize synthetic molecular ratchets. The group of Katrin Domke at University of Duisburg-Essen, expert in nearfield Raman and TERS at electrochemical interfaces is also a possible collaborator and host for a secondment.<\/span><\/p>\n<p>[\/et_pb_text][\/et_pb_column][\/et_pb_row][et_pb_row column_structure=&#8221;1_3,2_3&#8243; _builder_version=&#8221;4.19.0&#8243; _module_preset=&#8221;default&#8221; custom_padding=&#8221;3px|||||&#8221; global_colors_info=&#8221;{}&#8221;][et_pb_column type=&#8221;1_3&#8243; _builder_version=&#8221;4.16&#8243; _module_preset=&#8221;default&#8221; global_colors_info=&#8221;{}&#8221;][et_pb_image src=&#8221;https:\/\/idealcofund-project.eu\/postdoc\/wp-content\/uploads\/2023\/03\/TweeTERS.png&#8221; title_text=&#8221;TweeTERS&#8221; _builder_version=&#8221;4.19.0&#8243; _module_preset=&#8221;default&#8221; global_colors_info=&#8221;{}&#8221;][\/et_pb_image][\/et_pb_column][et_pb_column type=&#8221;2_3&#8243; _builder_version=&#8221;4.16&#8243; _module_preset=&#8221;default&#8221; global_colors_info=&#8221;{}&#8221;][\/et_pb_column][\/et_pb_row][\/et_pb_section]<\/p>\n","protected":false},"excerpt":{"rendered":"<p><div class=\"et_pb_module lwp_divi_breadcrumbs lwp_divi_breadcrumbs_0\">\n\t\t\t\t\n\t\t\t\t\n\t\t\t\t\n\t\t\t\t\n\t\t\t\t\n\t\t\t\t\n\t\t\t\t<div class=\"et_pb_module_inner\">\n\t\t\t\t\t<div class=\"lwp-breadcrumbs\"> <span class=\"before\"><\/span> <span vocab=\"https:\/\/schema.org\/\" typeof=\"BreadcrumbList\"><span property=\"itemListElement\" typeof=\"ListItem\"><a property=\"item\" typeof=\"WebPage\" href=\"https:\/\/idealcofund-project.eu\/postdoc\/\" class=\"home\"><span property=\"name\">Inicio<\/span><\/a><meta property=\"position\" content=\"1\"><\/span> <span class=\"separator et-pb-icon\">&amp;#x39;<\/span> <\/span><\/div>\n\t\t\t\t<\/div>\n\t\t\t<\/div>RESEARCH PROGRAMMES P1: Organic nanosystems for light harvesting and energy conversionRESEARCH SUPERVISOR(S) Dr Borja IbarraResearch Group website: https:\/\/nanociencia.imdea.org\/molecular-motors-manipulations-lab\/group-home\u00a0\/\/ https:\/\/www.borjaibarralab.com Dr. Natalia Mart\u00edn Saban\u00e9s Dr Emilio P\u00e9rez \u00c1lvarezResearch Group website: https:\/\/nanociencia.imdea.org\/chemistry-of-low-dimensional-materials\/homeRESEARCH TOPIC DESCRIPTION The aim of TweeTERS is to develop a novel hybrid setup that combines optical tweezers [&hellip;]<\/p>\n","protected":false},"author":156,"featured_media":0,"parent":625,"menu_order":0,"comment_status":"closed","ping_status":"closed","template":"","meta":{"_et_pb_use_builder":"on","_et_pb_old_content":"","_et_gb_content_width":"","inline_featured_image":false,"footnotes":""},"class_list":["post-1474","page","type-page","status-publish","hentry"],"yoast_head":"<!-- This site is optimized with the Yoast SEO plugin v20.8 - https:\/\/yoast.com\/wordpress\/plugins\/seo\/ -->\n<title>TweeTERS:Hybridization of optical tweezers with tip-enhanced-Raman spectroscopy to study supramolecular dynamics at the single-molecule level - IDEAL Postdoctoral Cofund<\/title>\n<meta name=\"robots\" content=\"noindex, follow, max-snippet:-1, max-image-preview:large, max-video-preview:-1\" \/>\n<meta property=\"og:locale\" content=\"en_US\" \/>\n<meta property=\"og:type\" content=\"article\" \/>\n<meta property=\"og:title\" content=\"TweeTERS:Hybridization of optical tweezers with tip-enhanced-Raman spectroscopy to study supramolecular dynamics at the single-molecule level - IDEAL Postdoctoral Cofund\" \/>\n<meta property=\"og:description\" content=\"RESEARCH PROGRAMMES P1: Organic nanosystems for light harvesting and energy conversionRESEARCH SUPERVISOR(S) Dr Borja IbarraResearch Group website: https:\/\/nanociencia.imdea.org\/molecular-motors-manipulations-lab\/group-home\u00a0\/\/ https:\/\/www.borjaibarralab.com Dr. Natalia Mart\u00edn Saban\u00e9s Dr Emilio P\u00e9rez \u00c1lvarezResearch Group website: https:\/\/nanociencia.imdea.org\/chemistry-of-low-dimensional-materials\/homeRESEARCH TOPIC DESCRIPTION The aim of TweeTERS is to develop a novel hybrid setup that combines optical tweezers [&hellip;]\" \/>\n<meta property=\"og:url\" content=\"https:\/\/idealcofund-project.eu\/postdoc\/research-topics\/tweeters-hybridization-of-optical-tweezers-with-tip-enhanced-raman-spectroscopy-to-study-supramolecular-dynamics-at-the-single-molecule-level\/\" \/>\n<meta property=\"og:site_name\" content=\"IDEAL Postdoctoral Cofund\" \/>\n<meta property=\"article:modified_time\" content=\"2023-03-23T10:31:15+00:00\" \/>\n<meta name=\"twitter:card\" content=\"summary_large_image\" \/>\n<script type=\"application\/ld+json\" class=\"yoast-schema-graph\">{\"@context\":\"https:\/\/schema.org\",\"@graph\":[{\"@type\":\"WebPage\",\"@id\":\"https:\/\/idealcofund-project.eu\/postdoc\/research-topics\/tweeters-hybridization-of-optical-tweezers-with-tip-enhanced-raman-spectroscopy-to-study-supramolecular-dynamics-at-the-single-molecule-level\/\",\"url\":\"https:\/\/idealcofund-project.eu\/postdoc\/research-topics\/tweeters-hybridization-of-optical-tweezers-with-tip-enhanced-raman-spectroscopy-to-study-supramolecular-dynamics-at-the-single-molecule-level\/\",\"name\":\"TweeTERS:Hybridization of optical tweezers with tip-enhanced-Raman spectroscopy to study supramolecular dynamics at the single-molecule level - IDEAL Postdoctoral Cofund\",\"isPartOf\":{\"@id\":\"https:\/\/idealcofund-project.eu\/postdoc\/#website\"},\"datePublished\":\"2023-03-16T14:36:36+00:00\",\"dateModified\":\"2023-03-23T10:31:15+00:00\",\"breadcrumb\":{\"@id\":\"https:\/\/idealcofund-project.eu\/postdoc\/research-topics\/tweeters-hybridization-of-optical-tweezers-with-tip-enhanced-raman-spectroscopy-to-study-supramolecular-dynamics-at-the-single-molecule-level\/#breadcrumb\"},\"inLanguage\":\"en-US\",\"potentialAction\":[{\"@type\":\"ReadAction\",\"target\":[\"https:\/\/idealcofund-project.eu\/postdoc\/research-topics\/tweeters-hybridization-of-optical-tweezers-with-tip-enhanced-raman-spectroscopy-to-study-supramolecular-dynamics-at-the-single-molecule-level\/\"]}]},{\"@type\":\"BreadcrumbList\",\"@id\":\"https:\/\/idealcofund-project.eu\/postdoc\/research-topics\/tweeters-hybridization-of-optical-tweezers-with-tip-enhanced-raman-spectroscopy-to-study-supramolecular-dynamics-at-the-single-molecule-level\/#breadcrumb\",\"itemListElement\":[{\"@type\":\"ListItem\",\"position\":1,\"name\":\"Portada\",\"item\":\"https:\/\/idealcofund-project.eu\/postdoc\/\"},{\"@type\":\"ListItem\",\"position\":2,\"name\":\"Research topics\",\"item\":\"https:\/\/idealcofund-project.eu\/postdoc\/research-topics\/\"},{\"@type\":\"ListItem\",\"position\":3,\"name\":\"TweeTERS:Hybridization of optical tweezers with tip-enhanced-Raman spectroscopy to study supramolecular dynamics at the single-molecule level\"}]},{\"@type\":\"WebSite\",\"@id\":\"https:\/\/idealcofund-project.eu\/postdoc\/#website\",\"url\":\"https:\/\/idealcofund-project.eu\/postdoc\/\",\"name\":\"IDEAL Postdoctoral Cofund\",\"description\":\"IMDEA Nanociencia Postdoctoral Programme in Nanoscience\",\"potentialAction\":[{\"@type\":\"SearchAction\",\"target\":{\"@type\":\"EntryPoint\",\"urlTemplate\":\"https:\/\/idealcofund-project.eu\/postdoc\/?s={search_term_string}\"},\"query-input\":\"required name=search_term_string\"}],\"inLanguage\":\"en-US\"}]}<\/script>\n<!-- \/ Yoast SEO plugin. -->","yoast_head_json":{"title":"TweeTERS:Hybridization of optical tweezers with tip-enhanced-Raman spectroscopy to study supramolecular dynamics at the single-molecule level - IDEAL Postdoctoral Cofund","robots":{"index":"noindex","follow":"follow","max-snippet":"max-snippet:-1","max-image-preview":"max-image-preview:large","max-video-preview":"max-video-preview:-1"},"og_locale":"en_US","og_type":"article","og_title":"TweeTERS:Hybridization of optical tweezers with tip-enhanced-Raman spectroscopy to study supramolecular dynamics at the single-molecule level - IDEAL Postdoctoral Cofund","og_description":"RESEARCH PROGRAMMES P1: Organic nanosystems for light harvesting and energy conversionRESEARCH SUPERVISOR(S) Dr Borja IbarraResearch Group website: https:\/\/nanociencia.imdea.org\/molecular-motors-manipulations-lab\/group-home\u00a0\/\/ https:\/\/www.borjaibarralab.com Dr. Natalia Mart\u00edn Saban\u00e9s Dr Emilio P\u00e9rez \u00c1lvarezResearch Group website: https:\/\/nanociencia.imdea.org\/chemistry-of-low-dimensional-materials\/homeRESEARCH TOPIC DESCRIPTION The aim of TweeTERS is to develop a novel hybrid setup that combines optical tweezers [&hellip;]","og_url":"https:\/\/idealcofund-project.eu\/postdoc\/research-topics\/tweeters-hybridization-of-optical-tweezers-with-tip-enhanced-raman-spectroscopy-to-study-supramolecular-dynamics-at-the-single-molecule-level\/","og_site_name":"IDEAL Postdoctoral Cofund","article_modified_time":"2023-03-23T10:31:15+00:00","twitter_card":"summary_large_image","schema":{"@context":"https:\/\/schema.org","@graph":[{"@type":"WebPage","@id":"https:\/\/idealcofund-project.eu\/postdoc\/research-topics\/tweeters-hybridization-of-optical-tweezers-with-tip-enhanced-raman-spectroscopy-to-study-supramolecular-dynamics-at-the-single-molecule-level\/","url":"https:\/\/idealcofund-project.eu\/postdoc\/research-topics\/tweeters-hybridization-of-optical-tweezers-with-tip-enhanced-raman-spectroscopy-to-study-supramolecular-dynamics-at-the-single-molecule-level\/","name":"TweeTERS:Hybridization of optical tweezers with tip-enhanced-Raman spectroscopy to study supramolecular dynamics at the single-molecule level - IDEAL Postdoctoral Cofund","isPartOf":{"@id":"https:\/\/idealcofund-project.eu\/postdoc\/#website"},"datePublished":"2023-03-16T14:36:36+00:00","dateModified":"2023-03-23T10:31:15+00:00","breadcrumb":{"@id":"https:\/\/idealcofund-project.eu\/postdoc\/research-topics\/tweeters-hybridization-of-optical-tweezers-with-tip-enhanced-raman-spectroscopy-to-study-supramolecular-dynamics-at-the-single-molecule-level\/#breadcrumb"},"inLanguage":"en-US","potentialAction":[{"@type":"ReadAction","target":["https:\/\/idealcofund-project.eu\/postdoc\/research-topics\/tweeters-hybridization-of-optical-tweezers-with-tip-enhanced-raman-spectroscopy-to-study-supramolecular-dynamics-at-the-single-molecule-level\/"]}]},{"@type":"BreadcrumbList","@id":"https:\/\/idealcofund-project.eu\/postdoc\/research-topics\/tweeters-hybridization-of-optical-tweezers-with-tip-enhanced-raman-spectroscopy-to-study-supramolecular-dynamics-at-the-single-molecule-level\/#breadcrumb","itemListElement":[{"@type":"ListItem","position":1,"name":"Portada","item":"https:\/\/idealcofund-project.eu\/postdoc\/"},{"@type":"ListItem","position":2,"name":"Research topics","item":"https:\/\/idealcofund-project.eu\/postdoc\/research-topics\/"},{"@type":"ListItem","position":3,"name":"TweeTERS:Hybridization of optical tweezers with tip-enhanced-Raman spectroscopy to study supramolecular dynamics at the single-molecule level"}]},{"@type":"WebSite","@id":"https:\/\/idealcofund-project.eu\/postdoc\/#website","url":"https:\/\/idealcofund-project.eu\/postdoc\/","name":"IDEAL Postdoctoral Cofund","description":"IMDEA Nanociencia Postdoctoral Programme in Nanoscience","potentialAction":[{"@type":"SearchAction","target":{"@type":"EntryPoint","urlTemplate":"https:\/\/idealcofund-project.eu\/postdoc\/?s={search_term_string}"},"query-input":"required name=search_term_string"}],"inLanguage":"en-US"}]}},"_links":{"self":[{"href":"https:\/\/idealcofund-project.eu\/postdoc\/wp-json\/wp\/v2\/pages\/1474","targetHints":{"allow":["GET"]}}],"collection":[{"href":"https:\/\/idealcofund-project.eu\/postdoc\/wp-json\/wp\/v2\/pages"}],"about":[{"href":"https:\/\/idealcofund-project.eu\/postdoc\/wp-json\/wp\/v2\/types\/page"}],"author":[{"embeddable":true,"href":"https:\/\/idealcofund-project.eu\/postdoc\/wp-json\/wp\/v2\/users\/156"}],"replies":[{"embeddable":true,"href":"https:\/\/idealcofund-project.eu\/postdoc\/wp-json\/wp\/v2\/comments?post=1474"}],"version-history":[{"count":5,"href":"https:\/\/idealcofund-project.eu\/postdoc\/wp-json\/wp\/v2\/pages\/1474\/revisions"}],"predecessor-version":[{"id":1580,"href":"https:\/\/idealcofund-project.eu\/postdoc\/wp-json\/wp\/v2\/pages\/1474\/revisions\/1580"}],"up":[{"embeddable":true,"href":"https:\/\/idealcofund-project.eu\/postdoc\/wp-json\/wp\/v2\/pages\/625"}],"wp:attachment":[{"href":"https:\/\/idealcofund-project.eu\/postdoc\/wp-json\/wp\/v2\/media?parent=1474"}],"curies":[{"name":"wp","href":"https:\/\/api.w.org\/{rel}","templated":true}]}}