{"id":803,"date":"2021-06-30T14:14:42","date_gmt":"2021-06-30T12:14:42","guid":{"rendered":"https:\/\/idealcofund-project.eu\/?page_id=803"},"modified":"2024-05-16T12:02:30","modified_gmt":"2024-05-16T10:02:30","slug":"on-surface-synthesis-of-molecular-materials-on-decoupling-supports","status":"publish","type":"page","link":"https:\/\/idealcofund-project.eu\/phd\/phd-projects\/on-surface-synthesis-of-molecular-materials-on-decoupling-supports\/","title":{"rendered":"On-surface synthesis of molecular materials on decoupling supports"},"content":{"rendered":"\n[et_pb_section fb_built=&#8221;1&#8243; _builder_version=&#8221;4.9.4&#8243; _module_preset=&#8221;default&#8221; background_enable_image=&#8221;off&#8221; custom_padding=&#8221;2px||12px|||&#8221; global_module=&#8221;509&#8243; saved_tabs=&#8221;all&#8221; global_colors_info=&#8221;{}&#8221;][et_pb_row use_custom_gutter=&#8221;on&#8221; gutter_width=&#8221;1&#8243; _builder_version=&#8221;4.16&#8243; _module_preset=&#8221;default&#8221; width=&#8221;100%&#8221; max_width=&#8221;100%&#8221; custom_padding=&#8221;4px|||||&#8221; global_colors_info=&#8221;{}&#8221;][et_pb_column type=&#8221;4_4&#8243; _builder_version=&#8221;4.16&#8243; _module_preset=&#8221;default&#8221; global_colors_info=&#8221;{}&#8221;][et_pb_divider divider_weight=&#8221;60px&#8221; _builder_version=&#8221;4.16&#8243; _module_preset=&#8221;default&#8221; width=&#8221;100%&#8221; max_width=&#8221;100%&#8221; global_colors_info=&#8221;{}&#8221;][\/et_pb_divider][\/et_pb_column][\/et_pb_row][et_pb_row _builder_version=&#8221;4.16&#8243; _module_preset=&#8221;default&#8221; global_colors_info=&#8221;{}&#8221;][et_pb_column type=&#8221;4_4&#8243; _builder_version=&#8221;4.16&#8243; _module_preset=&#8221;default&#8221; global_colors_info=&#8221;{}&#8221;][lwp_divi_breadcrumbs home_text=&#8221;Inicio&#8221; use_before_icon=&#8221;off&#8221; link_color=&#8221;#89B7CA&#8221; current_text_color=&#8221;#001733&#8243; _builder_version=&#8221;4.18.0&#8243; _module_preset=&#8221;default&#8221; custom_padding=&#8221;||0px|||&#8221; global_colors_info=&#8221;{}&#8221;][\/lwp_divi_breadcrumbs][\/et_pb_column][\/et_pb_row][\/et_pb_section][et_pb_section fb_built=&#8221;1&#8243; _builder_version=&#8221;4.16&#8243; _module_preset=&#8221;default&#8221; custom_padding=&#8221;0px||5px|||&#8221; global_colors_info=&#8221;{}&#8221;][et_pb_row _builder_version=&#8221;4.16&#8243; _module_preset=&#8221;default&#8221; custom_padding=&#8221;||9px|||&#8221; global_colors_info=&#8221;{}&#8221;][et_pb_column type=&#8221;4_4&#8243; _builder_version=&#8221;4.16&#8243; _module_preset=&#8221;default&#8221; global_colors_info=&#8221;{}&#8221;][et_pb_text _builder_version=&#8221;4.21.0&#8243; _module_preset=&#8221;default&#8221; locked=&#8221;off&#8221; global_colors_info=&#8221;{}&#8221;]<h1>On-surface synthesis of molecular materials on decoupling supports<\/h1>[\/et_pb_text][et_pb_text _builder_version=&#8221;4.21.0&#8243; _module_preset=&#8221;default&#8221; custom_margin=&#8221;||29px|||&#8221; locked=&#8221;off&#8221; global_colors_info=&#8221;{}&#8221;]<h2><strong>RESEARCH PROGRAMMES<\/strong><\/h2>\n<p><span>P2: Quantum materials at the nanoscale<\/span><\/p>[\/et_pb_text][et_pb_text _builder_version=&#8221;4.21.0&#8243; _module_preset=&#8221;default&#8221; custom_margin=&#8221;||0px||false|false&#8221; custom_padding=&#8221;0px||||false|false&#8221; global_colors_info=&#8221;{}&#8221;]<h2 style=\"text-align: left;\"><strong>PhD PROJECT DESCRIPTION<\/strong><\/h2>\n<p style=\"text-align: justify;\">The project targets the design of 2D molecular architectures on decoupling supports. To this aim we will exploit the synergy between on-surface synthesis and coordination chemistry on surfaces. Specific molecular precursors will be deposited on distinct decoupling supports. Two distinct strategies will be pursued: i) Sublimation at room temperature and subsequent annealing; ii) Sublimation at very low temperature on the tunneling junction and chemical synthesis by tip-induced stimuli.<\/p>\n<p>The researcher will use state-of-the-art scanning probe microscopy laboratories, complemented by X-ray photoemission and adsorption spectroscopies, together with DFT and DMRG simulations.<\/p>\n<p style=\"text-align: justify;\">Research collaborations will include organic chemists for the synthesis of precursors (Profs. Nazario Mart\u00edn (UCM), Tom\u00e1s Torres (UAM), Xinliang Feng (TU Dresden) and Diego Pe\u00f1a (CIQUS), theoretical physicists (Profs. Pavel Jel\u00ednek (Czech Academy of Sciences), Jonas Bj\u00f6rk (Link\u00f6ping University), Paco Guinea and Jos\u00e9 A. Silva (IMDEA Nanoscience).<\/p>[\/et_pb_text][\/et_pb_column][\/et_pb_row][et_pb_row column_structure=&#8221;1_2,1_2&#8243; _builder_version=&#8221;4.21.0&#8243; _module_preset=&#8221;default&#8221; global_colors_info=&#8221;{}&#8221;][et_pb_column type=&#8221;1_2&#8243; _builder_version=&#8221;4.21.0&#8243; _module_preset=&#8221;default&#8221; global_colors_info=&#8221;{}&#8221;][et_pb_image src=&#8221;https:\/\/idealcofund-project.eu\/phd\/wp-content\/uploads\/2024\/05\/Ecija-image-2.png&#8221; title_text=&#8221;\u00c9cija &#8211; image 2&#8243; _builder_version=&#8221;4.21.0&#8243; _module_preset=&#8221;default&#8221; custom_margin=&#8221;|460px||||&#8221; global_colors_info=&#8221;{}&#8221;][\/et_pb_image][\/et_pb_column][et_pb_column type=&#8221;1_2&#8243; _builder_version=&#8221;4.21.0&#8243; _module_preset=&#8221;default&#8221; global_colors_info=&#8221;{}&#8221;][et_pb_image src=&#8221;https:\/\/idealcofund-project.eu\/phd\/wp-content\/uploads\/2024\/05\/Ecija-image-1.png&#8221; title_text=&#8221;\u00c9cija &#8211; image 1&#8243; _builder_version=&#8221;4.21.0&#8243; _module_preset=&#8221;default&#8221; custom_margin=&#8221;|||-498px||&#8221; custom_padding=&#8221;|972px||||&#8221; global_colors_info=&#8221;{}&#8221;][\/et_pb_image][\/et_pb_column][\/et_pb_row][et_pb_row _builder_version=&#8221;4.16&#8243; _module_preset=&#8221;default&#8221; custom_padding=&#8221;||67px|||&#8221; global_colors_info=&#8221;{}&#8221;][et_pb_column type=&#8221;4_4&#8243; _builder_version=&#8221;4.16&#8243; _module_preset=&#8221;default&#8221; global_colors_info=&#8221;{}&#8221;][et_pb_text disabled_on=&#8221;off|off|off&#8221; _builder_version=&#8221;4.18.0&#8243; _module_preset=&#8221;default&#8221; custom_margin=&#8221;||29px|||&#8221; custom_padding=&#8221;0px|||||&#8221; global_colors_info=&#8221;{}&#8221;]<h2 style=\"text-align: left;\"><strong>APPLICANT&#8217;S REQUIREMENTS<\/strong><\/h2>\n<p>The applicant should have a masters degree in Physics or Chemistry, with a proficiency level of English.<\/p>\n<p>Previous expertise in ultra-high vacuum systems and scanning probe microscopies would be highly appreciated.<\/p>[\/et_pb_text][et_pb_text _builder_version=&#8221;4.18.0&#8243; _module_preset=&#8221;default&#8221; custom_margin=&#8221;||29px||false|false&#8221; custom_padding=&#8221;0px||||false|false&#8221; global_colors_info=&#8221;{}&#8221;]<h2><strong>RESEARCH GROUP DESCRIPTION<\/strong><\/h2>\n<p style=\"text-align: justify;\">The Molecular Nanoarchitectonics on Surfaces group is focused on the study of molecular compounds and nanomaterials at interphases. We take advantage of scanning probe microscopies, complemented by X-ray techniques, and theory simulations.<\/p>\n<p>Our group comprises three-ultra high vacuum systems, hosting state-of-the-art variable temperature and low temperature microscopes. We also develop synchrotron campaigns with 2-4 beamtimes per year.<\/p>[\/et_pb_text][et_pb_text _builder_version=&#8221;4.18.0&#8243; _module_preset=&#8221;default&#8221; custom_margin=&#8221;||29px||false|false&#8221; custom_padding=&#8221;0px||||false|false&#8221; global_colors_info=&#8221;{}&#8221;]<h2><strong>RESEARCH SUPERVISOR<\/strong><\/h2>\n<p>Prof David \u00c9cija<br \/><a href=\"mailto:david.ecija@imdea.org\">david.ecija@imdea.org<\/a>\u00a0<\/p>\n<p>Research Group website: <a href=\"https:\/\/nanociencia.imdea.org\/nanoarchitectonics-on-surfaces\/group-home\">https:\/\/nanociencia.imdea.org\/nanoarchitectonics-on-surfaces\/group-home<\/a><span><\/span><\/p>\n<p>Other websites:<\/p>\n<p><a href=\"https:\/\/www.nanociencia.imdea.org\/home-en\/people\/item\/david-ecija\">https:\/\/www.nanociencia.imdea.org\/home-en\/people\/item\/david-ecija<\/a><br \/><a href=\"https:\/\/scholar.google.es\/citations?hl=es&amp;user=c75Pw7YAAAAJ&amp;view_op=list_works&amp;sortby=pubdate\">David \u00c9cija Google Scholar<\/a><\/p>[\/et_pb_text][et_pb_code _builder_version=&#8221;4.18.0&#8243; _module_preset=&#8221;default&#8221; global_colors_info=&#8221;{}&#8221;]<a href=\"https:\/\/twitter.com\/share?ref_src=twsrc%5Etfw\" class=\"twitter-share-button\" data-show-count=\"false\">Tweet<\/a><script async src=\"https:\/\/platform.twitter.com\/widgets.js\" charset=\"utf-8\"><\/script><!-- [et_pb_line_break_holder] -->[\/et_pb_code][et_pb_text disabled_on=&#8221;on|on|on&#8221; _builder_version=&#8221;4.18.0&#8243; _module_preset=&#8221;default&#8221; header_3_text_color=&#8221;#5D5A5A&#8221; custom_margin=&#8221;||29px||false|false&#8221; custom_padding=&#8221;0px||||false|false&#8221; disabled=&#8221;on&#8221; global_colors_info=&#8221;{}&#8221;]<h2><strong>ETHICS SELF-ASSESSMENT<\/strong><\/h2>\n<h3><\/h3>\n<h3>1. Human Embryonic Stem Cells and Human Embryos<\/h3>\n<table border=\"1\" style=\"width: 100%; border-collapse: collapse; float: left;\">\n<tbody>\n<tr>\n<td style=\"width: 125%;\">Does this activity involve Human Embryonic Stem Cells (hESCs)?<\/td>\n<td style=\"width: 27.4194%;\">No<\/td>\n<\/tr>\n<tr>\n<td style=\"width: 125%;\">Does this activity involve the use of human embryos?<\/td>\n<td style=\"width: 27.4194%;\">No<\/td>\n<\/tr>\n<\/tbody>\n<\/table>\n<h3><\/h3>\n<h3><\/h3>\n<h3><\/h3>\n<h3>2. Humans<\/h3>\n<table border=\"1\" style=\"border-collapse: collapse; width: 100%;\">\n<tbody>\n<tr>\n<td style=\"width: 96.1291%;\">Does this activity involve human participants?<\/td>\n<td style=\"width: 3.87092%;\">No<\/td>\n<\/tr>\n<tr>\n<td style=\"width: 96.1291%;\">Does this activity involve interventions (physical also including imaging technology, behavioural treatments, etc.) on the study participants?<\/td>\n<td style=\"width: 3.87092%;\">No<\/td>\n<\/tr>\n<tr>\n<td style=\"width: 96.1291%;\">Does this activity involve conducting a clinical study as defined by the Clinical Trial Regulation (EU 536\/2014)? (using pharmaceuticals, biologicals, radiopharmaceuticals, or advanced therapy medicinal products)<\/td>\n<td style=\"width: 3.87092%;\">No<\/td>\n<\/tr>\n<\/tbody>\n<\/table>\n<h3>3. Human cells\/Tissues<\/h3>\n<table border=\"1\" style=\"border-collapse: collapse; width: 100%;\">\n<tbody>\n<tr>\n<td style=\"width: 96.7742%;\">Does this activity involve the use of human cells or tissues?<\/td>\n<td style=\"width: 3.22581%;\">No<\/td>\n<\/tr>\n<\/tbody>\n<\/table>\n<h3>4. Personal Data<\/h3>\n<table border=\"1\" style=\"border-collapse: collapse; width: 100%;\">\n<tbody>\n<tr>\n<td style=\"width: 98.0754%;\">Does this activity involve processing of personal data?<\/td>\n<td style=\"width: 6.14888%;\">No<\/td>\n<\/tr>\n<tr>\n<td style=\"width: 98.0754%;\">Does this activity involve further processing of previously collected personal data (including use of preexisting data sets or sources, merging existing data sets)?<\/td>\n<td style=\"width: 6.14888%;\">No<\/td>\n<\/tr>\n<tr>\n<td style=\"width: 98.0754%;\">Is it planned to export personal data from the EU to non-EU countries? Specify the type of personal data and countries involved<\/td>\n<td style=\"width: 6.14888%;\">No<\/td>\n<\/tr>\n<tr>\n<td style=\"width: 98.0754%;\">Is it planned to import personal data from non-EU countries into the EU or from a non-EU country to another non-EU country? Specify the type of personal data and countries involved<\/td>\n<td style=\"width: 6.14888%;\">No<\/td>\n<\/tr>\n<tr>\n<td style=\"width: 98.0754%;\">Does this activity involve the processing of personal data related to criminal convictions or offences?<\/td>\n<td style=\"width: 6.14888%;\">No<\/td>\n<\/tr>\n<\/tbody>\n<\/table>\n<h3>5. Animals<\/h3>\n<table border=\"1\" style=\"border-collapse: collapse; width: 100%;\">\n<tbody>\n<tr>\n<td style=\"width: 95.4839%;\">Does this activity involve animals?<\/td>\n<td style=\"width: 4.51613%;\">No<\/td>\n<\/tr>\n<\/tbody>\n<\/table>\n<h3>6. Non-EU Countries<\/h3>\n<table border=\"1\" style=\"border-collapse: collapse; width: 100%;\">\n<tbody>\n<tr>\n<td style=\"width: 120.729%;\">Will some of the activities be carried out in non-EU countries?<\/td>\n<td style=\"width: 3.23625%;\">No<\/td>\n<\/tr>\n<tr>\n<td style=\"width: 120.729%;\">In case non-EU countries are involved, do the activities undertaken in these countries raise potential ethics issues?<\/td>\n<td style=\"width: 3.23625%;\">No<\/td>\n<\/tr>\n<tr>\n<td style=\"width: 120.729%;\">It is planned to use local resources (e.g. animal and\/or human tissue samples, genetic material, live animals, human remains, materials of historical value, endangered fauna or flora samples, etc.)?<\/td>\n<td style=\"width: 3.23625%;\">No<\/td>\n<\/tr>\n<tr>\n<td style=\"width: 120.729%;\">Is it planned to import any material (other than data) from non-EU countries into the EU or from a non-EU country to another non-EU country?<\/td>\n<td style=\"width: 3.23625%;\">No<\/td>\n<\/tr>\n<tr>\n<td style=\"width: 120.729%;\">Is it planned to export any material (other than data) from the EU to non-EU countries?<\/td>\n<td style=\"width: 3.23625%;\">No<\/td>\n<\/tr>\n<tr>\n<td style=\"width: 120.729%;\">Does this activity involve low and\/or lower middle income countries?<\/td>\n<td style=\"width: 3.23625%;\">No<\/td>\n<\/tr>\n<tr>\n<td style=\"width: 120.729%;\">Could the situation in the country put the individuals taking part in the activity at risk?<\/td>\n<td style=\"width: 3.23625%;\">No<\/td>\n<\/tr>\n<\/tbody>\n<\/table>\n<h3>7. Environment, Health and Safety<\/h3>\n<table border=\"1\" style=\"border-collapse: collapse; width: 100%;\">\n<tbody>\n<tr>\n<td style=\"width: 97.4194%;\">Does this activity involve the use of substances or processes that may cause harm to the environment, to animals or plants.(during the implementation of the activity or further to the use of the results, as a possible impact) ?<\/td>\n<td style=\"width: 3.22581%;\">No<\/td>\n<\/tr>\n<tr>\n<td style=\"width: 97.4194%;\">Does this activity deal with endangered fauna and\/or flora \/ protected areas?<\/td>\n<td style=\"width: 3.22581%;\">No<\/td>\n<\/tr>\n<tr>\n<td style=\"width: 97.4194%;\">Does this activity involve the use of substances or processes that may cause harm to humans, including those performing the activity.(during the implementation of the activity or further to the use of the results, as a possible impact) ?<\/td>\n<td style=\"width: 3.22581%;\">No<\/td>\n<\/tr>\n<\/tbody>\n<\/table>\n<h3>8. Artificial Intelligence<\/h3>\n<table border=\"1\" style=\"border-collapse: collapse; width: 100%;\">\n<tbody>\n<tr>\n<td style=\"width: 95.8065%;\">Does this activity involve the development, deployment and\/or use of Artificial Intelligence?<\/td>\n<td style=\"width: 4.19359%;\">No<\/td>\n<\/tr>\n<\/tbody>\n<\/table>\n<p>&nbsp;<\/p>\n<table border=\"1\" style=\"border-collapse: collapse; width: 100%;\">\n<tbody>\n<tr>\n<td style=\"width: 98.3871%;\">Are there any other ethics issues that should be taken into consideration?<\/td>\n<td style=\"width: 3.22581%;\">No<\/td>\n<\/tr>\n<\/tbody>\n<\/table>\n<p>&nbsp;<\/p>[\/et_pb_text][\/et_pb_column][\/et_pb_row][\/et_pb_section]\n","protected":false},"excerpt":{"rendered":"<p><div class=\"et_pb_module lwp_divi_breadcrumbs lwp_divi_breadcrumbs_0\">\n\t\t\t\t\n\t\t\t\t\n\t\t\t\t\n\t\t\t\t\n\t\t\t\t\n\t\t\t\t\n\t\t\t\t<div class=\"et_pb_module_inner\">\n\t\t\t\t\t<div class=\"lwp-breadcrumbs\"> <span class=\"before\"><\/span> <span vocab=\"https:\/\/schema.org\/\" typeof=\"BreadcrumbList\"><span property=\"itemListElement\" typeof=\"ListItem\"><a property=\"item\" typeof=\"WebPage\" href=\"https:\/\/idealcofund-project.eu\/phd\/\" class=\"home\"><span property=\"name\">Inicio<\/span><\/a><meta property=\"position\" content=\"1\"><\/span> <span class=\"separator et-pb-icon\">&amp;#x39;<\/span> <\/span><\/div>\n\t\t\t\t<\/div>\n\t\t\t<\/div>On-surface synthesis of molecular materials on decoupling supportsRESEARCH PROGRAMMES P2: Quantum materials at the nanoscalePhD PROJECT DESCRIPTION The project targets the design of 2D molecular architectures on decoupling supports. To this aim we will exploit the synergy between on-surface synthesis and coordination chemistry on surfaces. Specific molecular [&hellip;]<\/p>\n","protected":false},"author":156,"featured_media":0,"parent":625,"menu_order":0,"comment_status":"closed","ping_status":"closed","template":"","meta":{"_et_pb_use_builder":"on","_et_pb_old_content":"","_et_gb_content_width":"","inline_featured_image":false,"footnotes":""},"class_list":["post-803","page","type-page","status-publish","hentry"],"yoast_head":"<!-- This site is optimized with the Yoast SEO plugin v23.0 - https:\/\/yoast.com\/wordpress\/plugins\/seo\/ -->\n<title>On-surface synthesis of molecular materials on decoupling supports - IDEAL PhD Cofund<\/title>\n<meta name=\"robots\" content=\"noindex, follow, max-snippet:-1, max-image-preview:large, max-video-preview:-1\" \/>\n<meta property=\"og:locale\" content=\"en_US\" \/>\n<meta property=\"og:type\" content=\"article\" \/>\n<meta property=\"og:title\" content=\"On-surface synthesis of molecular materials on decoupling supports - IDEAL PhD Cofund\" \/>\n<meta property=\"og:description\" content=\"On-surface synthesis of molecular materials on decoupling supportsRESEARCH PROGRAMMES P2: Quantum materials at the nanoscalePhD PROJECT DESCRIPTION The project targets the design of 2D molecular architectures on decoupling supports. To this aim we will exploit the synergy between on-surface synthesis and coordination chemistry on surfaces. Specific molecular [&hellip;]\" \/>\n<meta property=\"og:url\" content=\"https:\/\/idealcofund-project.eu\/phd\/phd-projects\/on-surface-synthesis-of-molecular-materials-on-decoupling-supports\/\" \/>\n<meta property=\"og:site_name\" content=\"IDEAL PhD Cofund\" \/>\n<meta property=\"article:modified_time\" content=\"2024-05-16T10:02:30+00:00\" \/>\n<meta name=\"twitter:card\" content=\"summary_large_image\" \/>\n<meta name=\"twitter:label1\" content=\"Est. reading time\" \/>\n\t<meta name=\"twitter:data1\" content=\"4 minutes\" \/>\n<script type=\"application\/ld+json\" class=\"yoast-schema-graph\">{\"@context\":\"https:\/\/schema.org\",\"@graph\":[{\"@type\":\"WebPage\",\"@id\":\"https:\/\/idealcofund-project.eu\/phd\/phd-projects\/on-surface-synthesis-of-molecular-materials-on-decoupling-supports\/\",\"url\":\"https:\/\/idealcofund-project.eu\/phd\/phd-projects\/on-surface-synthesis-of-molecular-materials-on-decoupling-supports\/\",\"name\":\"On-surface synthesis of molecular materials on decoupling supports - IDEAL PhD Cofund\",\"isPartOf\":{\"@id\":\"https:\/\/idealcofund-project.eu\/phd\/#website\"},\"datePublished\":\"2021-06-30T12:14:42+00:00\",\"dateModified\":\"2024-05-16T10:02:30+00:00\",\"breadcrumb\":{\"@id\":\"https:\/\/idealcofund-project.eu\/phd\/phd-projects\/on-surface-synthesis-of-molecular-materials-on-decoupling-supports\/#breadcrumb\"},\"inLanguage\":\"en-US\",\"potentialAction\":[{\"@type\":\"ReadAction\",\"target\":[\"https:\/\/idealcofund-project.eu\/phd\/phd-projects\/on-surface-synthesis-of-molecular-materials-on-decoupling-supports\/\"]}]},{\"@type\":\"BreadcrumbList\",\"@id\":\"https:\/\/idealcofund-project.eu\/phd\/phd-projects\/on-surface-synthesis-of-molecular-materials-on-decoupling-supports\/#breadcrumb\",\"itemListElement\":[{\"@type\":\"ListItem\",\"position\":1,\"name\":\"Portada\",\"item\":\"https:\/\/idealcofund-project.eu\/phd\/\"},{\"@type\":\"ListItem\",\"position\":2,\"name\":\"PhD projects\",\"item\":\"https:\/\/idealcofund-project.eu\/phd\/phd-projects\/\"},{\"@type\":\"ListItem\",\"position\":3,\"name\":\"On-surface synthesis of molecular materials on decoupling supports\"}]},{\"@type\":\"WebSite\",\"@id\":\"https:\/\/idealcofund-project.eu\/phd\/#website\",\"url\":\"https:\/\/idealcofund-project.eu\/phd\/\",\"name\":\"IDEAL PhD Cofund\",\"description\":\"IMDEA Nanociencia PhD Training Programme in Nanoscience\",\"potentialAction\":[{\"@type\":\"SearchAction\",\"target\":{\"@type\":\"EntryPoint\",\"urlTemplate\":\"https:\/\/idealcofund-project.eu\/phd\/?s={search_term_string}\"},\"query-input\":\"required name=search_term_string\"}],\"inLanguage\":\"en-US\"}]}<\/script>\n<!-- \/ Yoast SEO plugin. -->","yoast_head_json":{"title":"On-surface synthesis of molecular materials on decoupling supports - IDEAL PhD Cofund","robots":{"index":"noindex","follow":"follow","max-snippet":"max-snippet:-1","max-image-preview":"max-image-preview:large","max-video-preview":"max-video-preview:-1"},"og_locale":"en_US","og_type":"article","og_title":"On-surface synthesis of molecular materials on decoupling supports - IDEAL PhD Cofund","og_description":"On-surface synthesis of molecular materials on decoupling supportsRESEARCH PROGRAMMES P2: Quantum materials at the nanoscalePhD PROJECT DESCRIPTION The project targets the design of 2D molecular architectures on decoupling supports. To this aim we will exploit the synergy between on-surface synthesis and coordination chemistry on surfaces. Specific molecular [&hellip;]","og_url":"https:\/\/idealcofund-project.eu\/phd\/phd-projects\/on-surface-synthesis-of-molecular-materials-on-decoupling-supports\/","og_site_name":"IDEAL PhD Cofund","article_modified_time":"2024-05-16T10:02:30+00:00","twitter_card":"summary_large_image","twitter_misc":{"Est. reading time":"4 minutes"},"schema":{"@context":"https:\/\/schema.org","@graph":[{"@type":"WebPage","@id":"https:\/\/idealcofund-project.eu\/phd\/phd-projects\/on-surface-synthesis-of-molecular-materials-on-decoupling-supports\/","url":"https:\/\/idealcofund-project.eu\/phd\/phd-projects\/on-surface-synthesis-of-molecular-materials-on-decoupling-supports\/","name":"On-surface synthesis of molecular materials on decoupling supports - IDEAL PhD Cofund","isPartOf":{"@id":"https:\/\/idealcofund-project.eu\/phd\/#website"},"datePublished":"2021-06-30T12:14:42+00:00","dateModified":"2024-05-16T10:02:30+00:00","breadcrumb":{"@id":"https:\/\/idealcofund-project.eu\/phd\/phd-projects\/on-surface-synthesis-of-molecular-materials-on-decoupling-supports\/#breadcrumb"},"inLanguage":"en-US","potentialAction":[{"@type":"ReadAction","target":["https:\/\/idealcofund-project.eu\/phd\/phd-projects\/on-surface-synthesis-of-molecular-materials-on-decoupling-supports\/"]}]},{"@type":"BreadcrumbList","@id":"https:\/\/idealcofund-project.eu\/phd\/phd-projects\/on-surface-synthesis-of-molecular-materials-on-decoupling-supports\/#breadcrumb","itemListElement":[{"@type":"ListItem","position":1,"name":"Portada","item":"https:\/\/idealcofund-project.eu\/phd\/"},{"@type":"ListItem","position":2,"name":"PhD projects","item":"https:\/\/idealcofund-project.eu\/phd\/phd-projects\/"},{"@type":"ListItem","position":3,"name":"On-surface synthesis of molecular materials on decoupling supports"}]},{"@type":"WebSite","@id":"https:\/\/idealcofund-project.eu\/phd\/#website","url":"https:\/\/idealcofund-project.eu\/phd\/","name":"IDEAL PhD Cofund","description":"IMDEA Nanociencia PhD Training Programme in Nanoscience","potentialAction":[{"@type":"SearchAction","target":{"@type":"EntryPoint","urlTemplate":"https:\/\/idealcofund-project.eu\/phd\/?s={search_term_string}"},"query-input":"required name=search_term_string"}],"inLanguage":"en-US"}]}},"_links":{"self":[{"href":"https:\/\/idealcofund-project.eu\/phd\/wp-json\/wp\/v2\/pages\/803","targetHints":{"allow":["GET"]}}],"collection":[{"href":"https:\/\/idealcofund-project.eu\/phd\/wp-json\/wp\/v2\/pages"}],"about":[{"href":"https:\/\/idealcofund-project.eu\/phd\/wp-json\/wp\/v2\/types\/page"}],"author":[{"embeddable":true,"href":"https:\/\/idealcofund-project.eu\/phd\/wp-json\/wp\/v2\/users\/156"}],"replies":[{"embeddable":true,"href":"https:\/\/idealcofund-project.eu\/phd\/wp-json\/wp\/v2\/comments?post=803"}],"version-history":[{"count":26,"href":"https:\/\/idealcofund-project.eu\/phd\/wp-json\/wp\/v2\/pages\/803\/revisions"}],"predecessor-version":[{"id":2381,"href":"https:\/\/idealcofund-project.eu\/phd\/wp-json\/wp\/v2\/pages\/803\/revisions\/2381"}],"up":[{"embeddable":true,"href":"https:\/\/idealcofund-project.eu\/phd\/wp-json\/wp\/v2\/pages\/625"}],"wp:attachment":[{"href":"https:\/\/idealcofund-project.eu\/phd\/wp-json\/wp\/v2\/media?parent=803"}],"curies":[{"name":"wp","href":"https:\/\/api.w.org\/{rel}","templated":true}]}}